{"id":34871,"date":"2026-04-05T10:40:31","date_gmt":"2026-04-05T13:40:31","guid":{"rendered":"https:\/\/saltacom.com\/index.php\/producto\/placa-red-tp-link-adaptador-nano-usb-bluetooth-5-0\/"},"modified":"2026-04-06T01:15:40","modified_gmt":"2026-04-06T04:15:40","slug":"placa-red-tp-link-adaptador-nano-usb-bluetooth-5-0","status":"publish","type":"product","link":"https:\/\/saltacom.com\/index.php\/producto\/placa-red-tp-link-adaptador-nano-usb-bluetooth-5-0\/","title":{"rendered":"PLACA RED TP LINK ADAPTADOR NANO USB BLUETOOTH 5.0"},"content":{"rendered":"<p>Bluetooth 5.0  : aplica la \u00faltima tecnolog\u00eda Bluetooth 5.0, compatible con versiones anteriores de Bluetooth V4.0 \/ 3.0 \/ 2.1 \/ 2.0 \/ 1.1Conectividad inal\u00e1mbrica  : proporciona una comunicaci\u00f3n estable y conveniente entre los dispositivos Bluetooth y su PC o ordenador port\u00e1tilTama\u00f1o nanom\u00e9trico: ultrapeque\u00f1o  para una portabilidad conveniente con un alto rendimiento confiableSistema operativo compatible  : Windows 10 \/ 8.1 \/ 7CAJA X 80u<\/p>\n","protected":false},"excerpt":{"rendered":"<p><strong>Marca:<\/strong> TP LINK<\/p>\n","protected":false},"featured_media":34872,"template":"","meta":[],"product_brand":[],"product_cat":[155,158],"product_tag":[],"class_list":{"0":"post-34871","1":"product","2":"type-product","3":"status-publish","4":"has-post-thumbnail","6":"product_cat-msn","7":"product_cat-tp-link","9":"first","10":"onbackorder","11":"shipping-taxable","12":"purchasable","13":"product-type-simple"},"_links":{"self":[{"href":"https:\/\/saltacom.com\/index.php\/wp-json\/wp\/v2\/product\/34871","targetHints":{"allow":["GET"]}}],"collection":[{"href":"https:\/\/saltacom.com\/index.php\/wp-json\/wp\/v2\/product"}],"about":[{"href":"https:\/\/saltacom.com\/index.php\/wp-json\/wp\/v2\/types\/product"}],"version-history":[{"count":0,"href":"https:\/\/saltacom.com\/index.php\/wp-json\/wp\/v2\/product\/34871\/revisions"}],"wp:featuredmedia":[{"embeddable":true,"href":"https:\/\/saltacom.com\/index.php\/wp-json\/wp\/v2\/media\/34872"}],"wp:attachment":[{"href":"https:\/\/saltacom.com\/index.php\/wp-json\/wp\/v2\/media?parent=34871"}],"wp:term":[{"taxonomy":"product_brand","embeddable":true,"href":"https:\/\/saltacom.com\/index.php\/wp-json\/wp\/v2\/product_brand?post=34871"},{"taxonomy":"product_cat","embeddable":true,"href":"https:\/\/saltacom.com\/index.php\/wp-json\/wp\/v2\/product_cat?post=34871"},{"taxonomy":"product_tag","embeddable":true,"href":"https:\/\/saltacom.com\/index.php\/wp-json\/wp\/v2\/product_tag?post=34871"}],"curies":[{"name":"wp","href":"https:\/\/api.w.org\/{rel}","templated":true}]}}