{"id":34873,"date":"2026-04-05T10:40:38","date_gmt":"2026-04-05T13:40:38","guid":{"rendered":"https:\/\/saltacom.com\/index.php\/producto\/acc-tp-link-adaptador-de-red-usb-2-0-a-100mbps-eth\/"},"modified":"2026-04-06T01:15:40","modified_gmt":"2026-04-06T04:15:40","slug":"acc-tp-link-adaptador-de-red-usb-2-0-a-100mbps-eth","status":"publish","type":"product","link":"https:\/\/saltacom.com\/index.php\/producto\/acc-tp-link-adaptador-de-red-usb-2-0-a-100mbps-eth\/","title":{"rendered":"ACC.TP LINK Adaptador de Red USB 2.0 a 100Mbps ETH"},"content":{"rendered":"<p>Extiende la ConectividadDise\u00f1o Plegable y Port\u00e1tilConexi\u00f3n de Datos R\u00e1pida y EstablePlug &#038; Play con Compatibilidad Incrementada<\/p>\n","protected":false},"excerpt":{"rendered":"<p><strong>Marca:<\/strong> TP LINK<\/p>\n","protected":false},"featured_media":34874,"template":"","meta":[],"product_brand":[],"product_cat":[155,158],"product_tag":[],"class_list":{"0":"post-34873","1":"product","2":"type-product","3":"status-publish","4":"has-post-thumbnail","6":"product_cat-msn","7":"product_cat-tp-link","9":"first","10":"onbackorder","11":"shipping-taxable","12":"purchasable","13":"product-type-simple"},"_links":{"self":[{"href":"https:\/\/saltacom.com\/index.php\/wp-json\/wp\/v2\/product\/34873","targetHints":{"allow":["GET"]}}],"collection":[{"href":"https:\/\/saltacom.com\/index.php\/wp-json\/wp\/v2\/product"}],"about":[{"href":"https:\/\/saltacom.com\/index.php\/wp-json\/wp\/v2\/types\/product"}],"version-history":[{"count":0,"href":"https:\/\/saltacom.com\/index.php\/wp-json\/wp\/v2\/product\/34873\/revisions"}],"wp:featuredmedia":[{"embeddable":true,"href":"https:\/\/saltacom.com\/index.php\/wp-json\/wp\/v2\/media\/34874"}],"wp:attachment":[{"href":"https:\/\/saltacom.com\/index.php\/wp-json\/wp\/v2\/media?parent=34873"}],"wp:term":[{"taxonomy":"product_brand","embeddable":true,"href":"https:\/\/saltacom.com\/index.php\/wp-json\/wp\/v2\/product_brand?post=34873"},{"taxonomy":"product_cat","embeddable":true,"href":"https:\/\/saltacom.com\/index.php\/wp-json\/wp\/v2\/product_cat?post=34873"},{"taxonomy":"product_tag","embeddable":true,"href":"https:\/\/saltacom.com\/index.php\/wp-json\/wp\/v2\/product_tag?post=34873"}],"curies":[{"name":"wp","href":"https:\/\/api.w.org\/{rel}","templated":true}]}}