{"id":34877,"date":"2026-04-05T10:40:40","date_gmt":"2026-04-05T13:40:40","guid":{"rendered":"https:\/\/saltacom.com\/index.php\/producto\/acc-tp-link-adaptador-de-red-usb-3-0-a-gigabit-eth\/"},"modified":"2026-04-06T01:15:40","modified_gmt":"2026-04-06T04:15:40","slug":"acc-tp-link-adaptador-de-red-usb-3-0-a-gigabit-eth","status":"publish","type":"product","link":"https:\/\/saltacom.com\/index.php\/producto\/acc-tp-link-adaptador-de-red-usb-3-0-a-gigabit-eth\/","title":{"rendered":"ACC.TP LINK ADAPTADOR DE RED USB 3.0 A GIGABIT ETH"},"content":{"rendered":"<p>La soluci\u00f3n USB 3.0 y Gigabit m\u00e1s r\u00e1pida garantiza una tasa de transferencia de alta velocidadPlug and Play en Nintendo Switch, Windows 10\/8.1 y SO LinuxEl dise\u00f1o plegable y port\u00e1til se adapta perfectamente a su UltrabookCompatible con Nintendo Switch: disfruta de los juegos con tus amigos y descargas r\u00e1pidas al conectarlo a tu base de Nintendo Switch y agregar una conexi\u00f3n Gigabit Ethernet.CAJA X 80u<\/p>\n","protected":false},"excerpt":{"rendered":"<p><strong>Marca:<\/strong> TP LINK<\/p>\n","protected":false},"featured_media":34878,"template":"","meta":[],"product_brand":[],"product_cat":[155,158],"product_tag":[],"class_list":{"0":"post-34877","1":"product","2":"type-product","3":"status-publish","4":"has-post-thumbnail","6":"product_cat-msn","7":"product_cat-tp-link","9":"first","10":"onbackorder","11":"shipping-taxable","12":"purchasable","13":"product-type-simple"},"_links":{"self":[{"href":"https:\/\/saltacom.com\/index.php\/wp-json\/wp\/v2\/product\/34877","targetHints":{"allow":["GET"]}}],"collection":[{"href":"https:\/\/saltacom.com\/index.php\/wp-json\/wp\/v2\/product"}],"about":[{"href":"https:\/\/saltacom.com\/index.php\/wp-json\/wp\/v2\/types\/product"}],"version-history":[{"count":0,"href":"https:\/\/saltacom.com\/index.php\/wp-json\/wp\/v2\/product\/34877\/revisions"}],"wp:featuredmedia":[{"embeddable":true,"href":"https:\/\/saltacom.com\/index.php\/wp-json\/wp\/v2\/media\/34878"}],"wp:attachment":[{"href":"https:\/\/saltacom.com\/index.php\/wp-json\/wp\/v2\/media?parent=34877"}],"wp:term":[{"taxonomy":"product_brand","embeddable":true,"href":"https:\/\/saltacom.com\/index.php\/wp-json\/wp\/v2\/product_brand?post=34877"},{"taxonomy":"product_cat","embeddable":true,"href":"https:\/\/saltacom.com\/index.php\/wp-json\/wp\/v2\/product_cat?post=34877"},{"taxonomy":"product_tag","embeddable":true,"href":"https:\/\/saltacom.com\/index.php\/wp-json\/wp\/v2\/product_tag?post=34877"}],"curies":[{"name":"wp","href":"https:\/\/api.w.org\/{rel}","templated":true}]}}