{"id":34881,"date":"2026-04-05T10:40:46","date_gmt":"2026-04-05T13:40:46","guid":{"rendered":"https:\/\/saltacom.com\/index.php\/producto\/acc-tp-link-hub-7-puertos-usb-3-0\/"},"modified":"2026-04-06T01:15:42","modified_gmt":"2026-04-06T04:15:42","slug":"acc-tp-link-hub-7-puertos-usb-3-0","status":"publish","type":"product","link":"https:\/\/saltacom.com\/index.php\/producto\/acc-tp-link-hub-7-puertos-usb-3-0\/","title":{"rendered":"ACC.TP LINK Hub 7 Puertos USB 3.0"},"content":{"rendered":"<p>UH700Hub de 7 Puertos USB 3.0Puertos USB 3.0 que ofrecen velocidades de transferencia de hasta 5 Gbps, 10 veces m\u00e1s r\u00e1pido que USB 2.0 est\u00e1ndar7 Puertos de transferencia de datos, lo cual significa que usted no tiene que cambiar entre dispositivos*Nota: No requiere drivers para Windows 8.1 \/ 8\/7 \/ Vista \/XP  sistemas Mac OS X o Linux . Compatible con USB 2.0 \/ 1.1 y la velocidad de transmisi\u00f3n real est\u00e1 limitada por la configuraci\u00f3n del dispositivo conectado<\/p>\n","protected":false},"excerpt":{"rendered":"<p><strong>Marca:<\/strong> TP LINK<\/p>\n","protected":false},"featured_media":34882,"template":"","meta":[],"product_brand":[],"product_cat":[155,158],"product_tag":[],"class_list":{"0":"post-34881","1":"product","2":"type-product","3":"status-publish","4":"has-post-thumbnail","6":"product_cat-msn","7":"product_cat-tp-link","9":"first","10":"onbackorder","11":"shipping-taxable","12":"purchasable","13":"product-type-simple"},"_links":{"self":[{"href":"https:\/\/saltacom.com\/index.php\/wp-json\/wp\/v2\/product\/34881","targetHints":{"allow":["GET"]}}],"collection":[{"href":"https:\/\/saltacom.com\/index.php\/wp-json\/wp\/v2\/product"}],"about":[{"href":"https:\/\/saltacom.com\/index.php\/wp-json\/wp\/v2\/types\/product"}],"version-history":[{"count":0,"href":"https:\/\/saltacom.com\/index.php\/wp-json\/wp\/v2\/product\/34881\/revisions"}],"wp:featuredmedia":[{"embeddable":true,"href":"https:\/\/saltacom.com\/index.php\/wp-json\/wp\/v2\/media\/34882"}],"wp:attachment":[{"href":"https:\/\/saltacom.com\/index.php\/wp-json\/wp\/v2\/media?parent=34881"}],"wp:term":[{"taxonomy":"product_brand","embeddable":true,"href":"https:\/\/saltacom.com\/index.php\/wp-json\/wp\/v2\/product_brand?post=34881"},{"taxonomy":"product_cat","embeddable":true,"href":"https:\/\/saltacom.com\/index.php\/wp-json\/wp\/v2\/product_cat?post=34881"},{"taxonomy":"product_tag","embeddable":true,"href":"https:\/\/saltacom.com\/index.php\/wp-json\/wp\/v2\/product_tag?post=34881"}],"curies":[{"name":"wp","href":"https:\/\/api.w.org\/{rel}","templated":true}]}}