{"id":34885,"date":"2026-04-05T10:40:54","date_gmt":"2026-04-05T13:40:54","guid":{"rendered":"https:\/\/saltacom.com\/index.php\/producto\/gpon-tp-link-onu-gb-ax3000-wi-fi-6-db-xpon-router\/"},"modified":"2026-04-06T01:15:42","modified_gmt":"2026-04-06T04:15:42","slug":"gpon-tp-link-onu-gb-ax3000-wi-fi-6-db-xpon-router","status":"publish","type":"product","link":"https:\/\/saltacom.com\/index.php\/producto\/gpon-tp-link-onu-gb-ax3000-wi-fi-6-db-xpon-router\/","title":{"rendered":"GPON TP LINK ONU GB AX3000 WI-FI 6 DB  XPON ROUTER"},"content":{"rendered":"<p>XX530Enrutador WiFi 6 XPON de doble banda AX3000WiFi 6 de doble banda : disfruta de streaming fluido, juegos y descargas r\u00e1pidas, todo al mismo tiempo con velocidades de WiFi de hasta 3 Gbps en dos bandas. *Modos duales XPON: admite los modos duales GPON y EPON para un acceso flexible a Internet por fibra.Cobertura mejorada: Las antenas de alto rendimiento y la tecnolog\u00eda de formaci\u00f3n de haz se combinan para extender una se\u00f1al WiFi potente y confiable a toda su casa.M\u00e1s conexiones: Las tecnolog\u00edas OFDMA y MU-MIMO aumentan la capacidad y permiten la transmisi\u00f3n simult\u00e1nea a m\u00e1s dispositivos. **Compatible con EasyMesh : cree una red de malla inteligente con una cobertura perfecta y mayor flexibilidad basada en la tecnolog\u00eda de malla est\u00e1ndar. \u2020Conectividad por cable Gigabit : 1 puerto WAN\/LAN GbE y 3 puertos LAN GbE proporcionan acceso a Internet r\u00e1pido y flexible.Seguridad mejorada: el cifrado WPA3, Multi-SSID y los controles parentales brindan experiencias en l\u00ednea personalizadas y m\u00e1s seguras. **F\u00e1cil configuraci\u00f3n y uso: simplifica el control y la gesti\u00f3n de la red y WiFi a trav\u00e9s de la potente aplicaci\u00f3n Aginet .Administraci\u00f3n remota: admite TAUC (TP-Link Aginet Unified Cloud, basado en TR-369) junto con los protocolos OMCI, TR-069, TR-098, TR-181, TR-111 y TR-143.<\/p>\n","protected":false},"excerpt":{"rendered":"<p><strong>Marca:<\/strong> TP LINK<\/p>\n","protected":false},"featured_media":34886,"template":"","meta":[],"product_brand":[],"product_cat":[155,158],"product_tag":[],"class_list":{"0":"post-34885","1":"product","2":"type-product","3":"status-publish","4":"has-post-thumbnail","6":"product_cat-msn","7":"product_cat-tp-link","9":"first","10":"onbackorder","11":"shipping-taxable","12":"purchasable","13":"product-type-simple"},"_links":{"self":[{"href":"https:\/\/saltacom.com\/index.php\/wp-json\/wp\/v2\/product\/34885","targetHints":{"allow":["GET"]}}],"collection":[{"href":"https:\/\/saltacom.com\/index.php\/wp-json\/wp\/v2\/product"}],"about":[{"href":"https:\/\/saltacom.com\/index.php\/wp-json\/wp\/v2\/types\/product"}],"version-history":[{"count":0,"href":"https:\/\/saltacom.com\/index.php\/wp-json\/wp\/v2\/product\/34885\/revisions"}],"wp:featuredmedia":[{"embeddable":true,"href":"https:\/\/saltacom.com\/index.php\/wp-json\/wp\/v2\/media\/34886"}],"wp:attachment":[{"href":"https:\/\/saltacom.com\/index.php\/wp-json\/wp\/v2\/media?parent=34885"}],"wp:term":[{"taxonomy":"product_brand","embeddable":true,"href":"https:\/\/saltacom.com\/index.php\/wp-json\/wp\/v2\/product_brand?post=34885"},{"taxonomy":"product_cat","embeddable":true,"href":"https:\/\/saltacom.com\/index.php\/wp-json\/wp\/v2\/product_cat?post=34885"},{"taxonomy":"product_tag","embeddable":true,"href":"https:\/\/saltacom.com\/index.php\/wp-json\/wp\/v2\/product_tag?post=34885"}],"curies":[{"name":"wp","href":"https:\/\/api.w.org\/{rel}","templated":true}]}}