{"id":34887,"date":"2026-04-05T10:40:56","date_gmt":"2026-04-05T13:40:56","guid":{"rendered":"https:\/\/saltacom.com\/index.php\/producto\/acc-glc-jack-rj45-cat6-glc\/"},"modified":"2026-04-06T01:15:42","modified_gmt":"2026-04-06T04:15:42","slug":"acc-glc-jack-rj45-cat6-glc","status":"publish","type":"product","link":"https:\/\/saltacom.com\/index.php\/producto\/acc-glc-jack-rj45-cat6-glc\/","title":{"rendered":"ACC.GLC JACK RJ45 CAT6 GLC"},"content":{"rendered":"<p>De la l\u00ednea de conectores GLC categor\u00eda 6. El JACK CATEGOR\u00cdA 6 GLC es aplicable para Sistemas de Cableado Estructurado para transmisi\u00f3n de voz, datos e im\u00e1genes, seg\u00fan requisitos de la norma ANSI\/TIA\/EIA-568B.2-1 (Balanced Twisted Pair Cabling Components), tambi\u00e9n para cableado horizontal o secundario y  uso interno en punto de acceso en el sitio de trabajo para tomas de servicios en sistemas de cableado estructurado.<\/p>\n","protected":false},"excerpt":{"rendered":"<p><strong>Marca:<\/strong> GLC<\/p>\n","protected":false},"featured_media":34888,"template":"","meta":[],"product_brand":[],"product_cat":[155,168],"product_tag":[],"class_list":{"0":"post-34887","1":"product","2":"type-product","3":"status-publish","4":"has-post-thumbnail","6":"product_cat-msn","7":"product_cat-glc","9":"first","10":"onbackorder","11":"shipping-taxable","12":"purchasable","13":"product-type-simple"},"_links":{"self":[{"href":"https:\/\/saltacom.com\/index.php\/wp-json\/wp\/v2\/product\/34887","targetHints":{"allow":["GET"]}}],"collection":[{"href":"https:\/\/saltacom.com\/index.php\/wp-json\/wp\/v2\/product"}],"about":[{"href":"https:\/\/saltacom.com\/index.php\/wp-json\/wp\/v2\/types\/product"}],"version-history":[{"count":0,"href":"https:\/\/saltacom.com\/index.php\/wp-json\/wp\/v2\/product\/34887\/revisions"}],"wp:featuredmedia":[{"embeddable":true,"href":"https:\/\/saltacom.com\/index.php\/wp-json\/wp\/v2\/media\/34888"}],"wp:attachment":[{"href":"https:\/\/saltacom.com\/index.php\/wp-json\/wp\/v2\/media?parent=34887"}],"wp:term":[{"taxonomy":"product_brand","embeddable":true,"href":"https:\/\/saltacom.com\/index.php\/wp-json\/wp\/v2\/product_brand?post=34887"},{"taxonomy":"product_cat","embeddable":true,"href":"https:\/\/saltacom.com\/index.php\/wp-json\/wp\/v2\/product_cat?post=34887"},{"taxonomy":"product_tag","embeddable":true,"href":"https:\/\/saltacom.com\/index.php\/wp-json\/wp\/v2\/product_tag?post=34887"}],"curies":[{"name":"wp","href":"https:\/\/api.w.org\/{rel}","templated":true}]}}