{"id":34891,"date":"2026-04-05T10:41:15","date_gmt":"2026-04-05T13:41:15","guid":{"rendered":"https:\/\/saltacom.com\/index.php\/producto\/cable-glc-cable-ftp-cat-5e-exterior-x-305mts-glc\/"},"modified":"2026-04-06T01:15:43","modified_gmt":"2026-04-06T04:15:43","slug":"cable-glc-cable-ftp-cat-5e-exterior-x-305mts-glc","status":"publish","type":"product","link":"https:\/\/saltacom.com\/index.php\/producto\/cable-glc-cable-ftp-cat-5e-exterior-x-305mts-glc\/","title":{"rendered":"CABLE GLC CABLE FTP CAT 5E EXTERIOR X 305MTS GLC"},"content":{"rendered":"<p>El cable horizontal blindado est\u00e1 proyectado especialmente para las aplicaciones que necesitan una protecci\u00f3n extra adicional contra descargas el\u00e9ctricas y disminuci\u00f3n de ruido en ciertas conexiones externas por encima de los niveles permitidos.Construcci\u00f3n:El cable FTP GLC posee hilo de CCA (45% cobre) de 0.52, con aislamiento en polietileno, permitiendo una conductividad del 70%.El n\u00facleo est\u00e1 recubierto por un blindaje de aluminio<\/p>\n","protected":false},"excerpt":{"rendered":"<p><strong>Marca:<\/strong> GLC<\/p>\n","protected":false},"featured_media":34892,"template":"","meta":[],"product_brand":[],"product_cat":[155,168],"product_tag":[],"class_list":{"0":"post-34891","1":"product","2":"type-product","3":"status-publish","4":"has-post-thumbnail","6":"product_cat-msn","7":"product_cat-glc","9":"first","10":"onbackorder","11":"shipping-taxable","12":"purchasable","13":"product-type-simple"},"_links":{"self":[{"href":"https:\/\/saltacom.com\/index.php\/wp-json\/wp\/v2\/product\/34891","targetHints":{"allow":["GET"]}}],"collection":[{"href":"https:\/\/saltacom.com\/index.php\/wp-json\/wp\/v2\/product"}],"about":[{"href":"https:\/\/saltacom.com\/index.php\/wp-json\/wp\/v2\/types\/product"}],"version-history":[{"count":0,"href":"https:\/\/saltacom.com\/index.php\/wp-json\/wp\/v2\/product\/34891\/revisions"}],"wp:featuredmedia":[{"embeddable":true,"href":"https:\/\/saltacom.com\/index.php\/wp-json\/wp\/v2\/media\/34892"}],"wp:attachment":[{"href":"https:\/\/saltacom.com\/index.php\/wp-json\/wp\/v2\/media?parent=34891"}],"wp:term":[{"taxonomy":"product_brand","embeddable":true,"href":"https:\/\/saltacom.com\/index.php\/wp-json\/wp\/v2\/product_brand?post=34891"},{"taxonomy":"product_cat","embeddable":true,"href":"https:\/\/saltacom.com\/index.php\/wp-json\/wp\/v2\/product_cat?post=34891"},{"taxonomy":"product_tag","embeddable":true,"href":"https:\/\/saltacom.com\/index.php\/wp-json\/wp\/v2\/product_tag?post=34891"}],"curies":[{"name":"wp","href":"https:\/\/api.w.org\/{rel}","templated":true}]}}