{"id":34893,"date":"2026-04-05T10:41:19","date_gmt":"2026-04-05T13:41:19","guid":{"rendered":"https:\/\/saltacom.com\/index.php\/producto\/cable-glc-cable-utp-cat5e-ext-c-port-acero-x-305mt\/"},"modified":"2026-04-06T01:15:43","modified_gmt":"2026-04-06T04:15:43","slug":"cable-glc-cable-utp-cat5e-ext-c-port-acero-x-305mt","status":"publish","type":"product","link":"https:\/\/saltacom.com\/index.php\/producto\/cable-glc-cable-utp-cat5e-ext-c-port-acero-x-305mt\/","title":{"rendered":"CABLE GLC CABLE UTP CAT5E EXT C\/PORT ACERO X 305MT"},"content":{"rendered":"<p>Experimenta la excelencia en conectividad con nuestro Cable UTP Cat.5e de GLC, especialmente dise\u00f1ado para aplicaciones horizontales a\u00e9reas en redes de cableado estructurado. Este cable es la soluci\u00f3n ideal para establecer conexiones confiables desde el usuario hasta el panel de administraci\u00f3n o los paneles de interconexi\u00f3n en entornos de redes empresariales y comerciales.Con una cubierta de DOBLE VAINA y un portante de ACERO, este cable garantiza una protecci\u00f3n superior y una resistencia excepcional contra tensiones externas, asegurando una instalaci\u00f3n segura y confiable en entornos donde se requiere un despliegue a\u00e9reo.<\/p>\n","protected":false},"excerpt":{"rendered":"<p><strong>Marca:<\/strong> GLC<\/p>\n","protected":false},"featured_media":34894,"template":"","meta":[],"product_brand":[],"product_cat":[155,168],"product_tag":[],"class_list":{"0":"post-34893","1":"product","2":"type-product","3":"status-publish","4":"has-post-thumbnail","6":"product_cat-msn","7":"product_cat-glc","9":"first","10":"onbackorder","11":"shipping-taxable","12":"purchasable","13":"product-type-simple"},"_links":{"self":[{"href":"https:\/\/saltacom.com\/index.php\/wp-json\/wp\/v2\/product\/34893","targetHints":{"allow":["GET"]}}],"collection":[{"href":"https:\/\/saltacom.com\/index.php\/wp-json\/wp\/v2\/product"}],"about":[{"href":"https:\/\/saltacom.com\/index.php\/wp-json\/wp\/v2\/types\/product"}],"version-history":[{"count":0,"href":"https:\/\/saltacom.com\/index.php\/wp-json\/wp\/v2\/product\/34893\/revisions"}],"wp:featuredmedia":[{"embeddable":true,"href":"https:\/\/saltacom.com\/index.php\/wp-json\/wp\/v2\/media\/34894"}],"wp:attachment":[{"href":"https:\/\/saltacom.com\/index.php\/wp-json\/wp\/v2\/media?parent=34893"}],"wp:term":[{"taxonomy":"product_brand","embeddable":true,"href":"https:\/\/saltacom.com\/index.php\/wp-json\/wp\/v2\/product_brand?post=34893"},{"taxonomy":"product_cat","embeddable":true,"href":"https:\/\/saltacom.com\/index.php\/wp-json\/wp\/v2\/product_cat?post=34893"},{"taxonomy":"product_tag","embeddable":true,"href":"https:\/\/saltacom.com\/index.php\/wp-json\/wp\/v2\/product_tag?post=34893"}],"curies":[{"name":"wp","href":"https:\/\/api.w.org\/{rel}","templated":true}]}}