{"id":34895,"date":"2026-04-05T10:41:21","date_gmt":"2026-04-05T13:41:21","guid":{"rendered":"https:\/\/saltacom.com\/index.php\/producto\/cable-glc-cable-utp-cat-5e-interior-x-305mts-glc\/"},"modified":"2026-04-06T01:15:43","modified_gmt":"2026-04-06T04:15:43","slug":"cable-glc-cable-utp-cat-5e-interior-x-305mts-glc","status":"publish","type":"product","link":"https:\/\/saltacom.com\/index.php\/producto\/cable-glc-cable-utp-cat-5e-interior-x-305mts-glc\/","title":{"rendered":"CABLE GLC CABLE UTP CAT 5E INTERIOR X 305MTS GLC"},"content":{"rendered":"<p>De la familia de \u201cCABLEADO ESTRUCTURADO\u201d de GLC llega el \u201cCABLE UTP CAT 5E INTERIOR X 305MTS GLC\u201d  dise\u00f1ado especialmente para aplicaciones horizontales en redes de cableado estructurado para conectar al usuario con el panel de administraci\u00f3n o con los paneles de interconexi\u00f3n de la gesti\u00f3n.Este art\u00edculo cuenta con un dise\u00f1o universalmente aceptado para las instalaciones de las redes comerciales e industriales.Por sus caracter\u00edsticas garantiza la \u00f3ptima instalaci\u00f3n y mantenimiento del cableado. Adem\u00e1s, de un alto desempe\u00f1o.Esta unidad cuenta adem\u00e1s con una cubierta de PVC que se extiende sobre el n\u00facleo.<\/p>\n","protected":false},"excerpt":{"rendered":"<p><strong>Marca:<\/strong> GLC<\/p>\n","protected":false},"featured_media":34896,"template":"","meta":[],"product_brand":[],"product_cat":[155,168],"product_tag":[],"class_list":{"0":"post-34895","1":"product","2":"type-product","3":"status-publish","4":"has-post-thumbnail","6":"product_cat-msn","7":"product_cat-glc","9":"first","10":"onbackorder","11":"shipping-taxable","12":"purchasable","13":"product-type-simple"},"_links":{"self":[{"href":"https:\/\/saltacom.com\/index.php\/wp-json\/wp\/v2\/product\/34895","targetHints":{"allow":["GET"]}}],"collection":[{"href":"https:\/\/saltacom.com\/index.php\/wp-json\/wp\/v2\/product"}],"about":[{"href":"https:\/\/saltacom.com\/index.php\/wp-json\/wp\/v2\/types\/product"}],"version-history":[{"count":0,"href":"https:\/\/saltacom.com\/index.php\/wp-json\/wp\/v2\/product\/34895\/revisions"}],"wp:featuredmedia":[{"embeddable":true,"href":"https:\/\/saltacom.com\/index.php\/wp-json\/wp\/v2\/media\/34896"}],"wp:attachment":[{"href":"https:\/\/saltacom.com\/index.php\/wp-json\/wp\/v2\/media?parent=34895"}],"wp:term":[{"taxonomy":"product_brand","embeddable":true,"href":"https:\/\/saltacom.com\/index.php\/wp-json\/wp\/v2\/product_brand?post=34895"},{"taxonomy":"product_cat","embeddable":true,"href":"https:\/\/saltacom.com\/index.php\/wp-json\/wp\/v2\/product_cat?post=34895"},{"taxonomy":"product_tag","embeddable":true,"href":"https:\/\/saltacom.com\/index.php\/wp-json\/wp\/v2\/product_tag?post=34895"}],"curies":[{"name":"wp","href":"https:\/\/api.w.org\/{rel}","templated":true}]}}