{"id":34897,"date":"2026-04-05T10:41:25","date_gmt":"2026-04-05T13:41:25","guid":{"rendered":"https:\/\/saltacom.com\/index.php\/producto\/cable-glc-cable-utp-cat-5e-exterior-x-305mts-glc\/"},"modified":"2026-04-07T01:15:49","modified_gmt":"2026-04-07T04:15:49","slug":"cable-glc-cable-utp-cat-5e-exterior-x-305mts-glc","status":"publish","type":"product","link":"https:\/\/saltacom.com\/index.php\/producto\/cable-glc-cable-utp-cat-5e-exterior-x-305mts-glc\/","title":{"rendered":"CABLE GLC CABLE UTP CAT 5E EXTERIOR X 305MTS GLC"},"content":{"rendered":"<p>De la familia de \u201cCABLEADO ESTRUCTURADO\u201d de GLC llega el \u201cCABLE UTP CAT 5E EXTERIOR 305MTS GLC (doble vaina)\u201d  dise\u00f1ado especialmente para aplicaciones horizontales en redes de cableado estructurado para conectar al usuario con el panel de administraci\u00f3n o con los paneles de interconexi\u00f3n de la gesti\u00f3n.Este art\u00edculo cuenta con un dise\u00f1o universalmente aceptado para las instalaciones de las redes comerciales e industriales.Por sus caracter\u00edsticas garantiza la \u00f3ptima instalaci\u00f3n y mantenimiento del cableado. Adem\u00e1s, de un alto desempe\u00f1o.Por su doble vaina es muy utilizado en redes de ISP, ya que permite mayor proteccion de la red y los equipos utilizados en estas redes.<\/p>\n","protected":false},"excerpt":{"rendered":"<p><strong>Marca:<\/strong> GLC<\/p>\n","protected":false},"featured_media":34898,"template":"","meta":[],"product_brand":[],"product_cat":[155,168],"product_tag":[],"class_list":{"0":"post-34897","1":"product","2":"type-product","3":"status-publish","4":"has-post-thumbnail","6":"product_cat-msn","7":"product_cat-glc","9":"first","10":"onbackorder","11":"shipping-taxable","12":"purchasable","13":"product-type-simple"},"_links":{"self":[{"href":"https:\/\/saltacom.com\/index.php\/wp-json\/wp\/v2\/product\/34897","targetHints":{"allow":["GET"]}}],"collection":[{"href":"https:\/\/saltacom.com\/index.php\/wp-json\/wp\/v2\/product"}],"about":[{"href":"https:\/\/saltacom.com\/index.php\/wp-json\/wp\/v2\/types\/product"}],"version-history":[{"count":0,"href":"https:\/\/saltacom.com\/index.php\/wp-json\/wp\/v2\/product\/34897\/revisions"}],"wp:featuredmedia":[{"embeddable":true,"href":"https:\/\/saltacom.com\/index.php\/wp-json\/wp\/v2\/media\/34898"}],"wp:attachment":[{"href":"https:\/\/saltacom.com\/index.php\/wp-json\/wp\/v2\/media?parent=34897"}],"wp:term":[{"taxonomy":"product_brand","embeddable":true,"href":"https:\/\/saltacom.com\/index.php\/wp-json\/wp\/v2\/product_brand?post=34897"},{"taxonomy":"product_cat","embeddable":true,"href":"https:\/\/saltacom.com\/index.php\/wp-json\/wp\/v2\/product_cat?post=34897"},{"taxonomy":"product_tag","embeddable":true,"href":"https:\/\/saltacom.com\/index.php\/wp-json\/wp\/v2\/product_tag?post=34897"}],"curies":[{"name":"wp","href":"https:\/\/api.w.org\/{rel}","templated":true}]}}