{"id":34899,"date":"2026-04-05T10:41:27","date_gmt":"2026-04-05T13:41:27","guid":{"rendered":"https:\/\/saltacom.com\/index.php\/producto\/cable-glc-cable-utp-interior-cat6-x-305-mts-glc\/"},"modified":"2026-04-07T01:15:49","modified_gmt":"2026-04-07T04:15:49","slug":"cable-glc-cable-utp-interior-cat6-x-305-mts-glc","status":"publish","type":"product","link":"https:\/\/saltacom.com\/index.php\/producto\/cable-glc-cable-utp-interior-cat6-x-305-mts-glc\/","title":{"rendered":"CABLE GLC CABLE UTP INTERIOR CAT6 X 305 MTS GLC"},"content":{"rendered":"<p>Cable UTP. de calibre 23 AWG de con conductor de aluminio cobreado macizo.Este art\u00edculo es  universalmente aceptado para las instalaciones de las redes comerciales e industriales gracias a su dise\u00f1o, ideal para aplicaciones y conexiones IP.Cuenta con una cubierta PVC y un separador de polietileno para asegurar alto desempe\u00f1o contra diafon\u00eda.El ensamble se compone de conductores de cobre aislados, trenzados en 4 pares con cruceta central. La unidad ofrece un alto desempe\u00f1o y garantiza una \u00f3ptima instalaci\u00f3n y mantenimiento del cableadoPosee un desempe\u00f1o de HASTA 300 MHZ<\/p>\n","protected":false},"excerpt":{"rendered":"<p><strong>Marca:<\/strong> GLC<\/p>\n","protected":false},"featured_media":34900,"template":"","meta":[],"product_brand":[],"product_cat":[155,168],"product_tag":[],"class_list":{"0":"post-34899","1":"product","2":"type-product","3":"status-publish","4":"has-post-thumbnail","6":"product_cat-msn","7":"product_cat-glc","9":"first","10":"onbackorder","11":"shipping-taxable","12":"purchasable","13":"product-type-simple"},"_links":{"self":[{"href":"https:\/\/saltacom.com\/index.php\/wp-json\/wp\/v2\/product\/34899","targetHints":{"allow":["GET"]}}],"collection":[{"href":"https:\/\/saltacom.com\/index.php\/wp-json\/wp\/v2\/product"}],"about":[{"href":"https:\/\/saltacom.com\/index.php\/wp-json\/wp\/v2\/types\/product"}],"version-history":[{"count":0,"href":"https:\/\/saltacom.com\/index.php\/wp-json\/wp\/v2\/product\/34899\/revisions"}],"wp:featuredmedia":[{"embeddable":true,"href":"https:\/\/saltacom.com\/index.php\/wp-json\/wp\/v2\/media\/34900"}],"wp:attachment":[{"href":"https:\/\/saltacom.com\/index.php\/wp-json\/wp\/v2\/media?parent=34899"}],"wp:term":[{"taxonomy":"product_brand","embeddable":true,"href":"https:\/\/saltacom.com\/index.php\/wp-json\/wp\/v2\/product_brand?post=34899"},{"taxonomy":"product_cat","embeddable":true,"href":"https:\/\/saltacom.com\/index.php\/wp-json\/wp\/v2\/product_cat?post=34899"},{"taxonomy":"product_tag","embeddable":true,"href":"https:\/\/saltacom.com\/index.php\/wp-json\/wp\/v2\/product_tag?post=34899"}],"curies":[{"name":"wp","href":"https:\/\/api.w.org\/{rel}","templated":true}]}}