{"id":34915,"date":"2026-04-05T10:41:37","date_gmt":"2026-04-05T13:41:37","guid":{"rendered":"https:\/\/saltacom.com\/index.php\/producto\/acc-glc-face-plate-4-port-glc\/"},"modified":"2026-04-05T10:41:38","modified_gmt":"2026-04-05T13:41:38","slug":"acc-glc-face-plate-4-port-glc","status":"publish","type":"product","link":"https:\/\/saltacom.com\/index.php\/producto\/acc-glc-face-plate-4-port-glc\/","title":{"rendered":"ACC.GLC FACE PLATE 4 PORT GLC"},"content":{"rendered":"<p>El art\u00edculo \u201cFACE PLATE  4 PORT  CAT5E\/6\u201d de GLC se encuentra compuesto por material ABS, pl\u00e1stico resistente al alto impacto.De color blanco y suministrado CON ETIQUETAS DE IDENTIFICACI\u00d3N Y TORNILLOS PARA FIJACI\u00d3N, esta  unidad se encuentra dise\u00f1ada para soluciones Categor\u00eda 5 o 6. De 4 puertos.<\/p>\n","protected":false},"excerpt":{"rendered":"<p><strong>Marca:<\/strong> GLC<\/p>\n","protected":false},"featured_media":34916,"template":"","meta":[],"product_brand":[],"product_cat":[155,168],"product_tag":[],"class_list":{"0":"post-34915","1":"product","2":"type-product","3":"status-publish","4":"has-post-thumbnail","6":"product_cat-msn","7":"product_cat-glc","9":"first","10":"onbackorder","11":"shipping-taxable","12":"purchasable","13":"product-type-simple"},"_links":{"self":[{"href":"https:\/\/saltacom.com\/index.php\/wp-json\/wp\/v2\/product\/34915","targetHints":{"allow":["GET"]}}],"collection":[{"href":"https:\/\/saltacom.com\/index.php\/wp-json\/wp\/v2\/product"}],"about":[{"href":"https:\/\/saltacom.com\/index.php\/wp-json\/wp\/v2\/types\/product"}],"version-history":[{"count":0,"href":"https:\/\/saltacom.com\/index.php\/wp-json\/wp\/v2\/product\/34915\/revisions"}],"wp:featuredmedia":[{"embeddable":true,"href":"https:\/\/saltacom.com\/index.php\/wp-json\/wp\/v2\/media\/34916"}],"wp:attachment":[{"href":"https:\/\/saltacom.com\/index.php\/wp-json\/wp\/v2\/media?parent=34915"}],"wp:term":[{"taxonomy":"product_brand","embeddable":true,"href":"https:\/\/saltacom.com\/index.php\/wp-json\/wp\/v2\/product_brand?post=34915"},{"taxonomy":"product_cat","embeddable":true,"href":"https:\/\/saltacom.com\/index.php\/wp-json\/wp\/v2\/product_cat?post=34915"},{"taxonomy":"product_tag","embeddable":true,"href":"https:\/\/saltacom.com\/index.php\/wp-json\/wp\/v2\/product_tag?post=34915"}],"curies":[{"name":"wp","href":"https:\/\/api.w.org\/{rel}","templated":true}]}}