{"id":34919,"date":"2026-04-05T10:41:44","date_gmt":"2026-04-05T13:41:44","guid":{"rendered":"https:\/\/saltacom.com\/index.php\/producto\/acc-glc-patch-pannel-24ports-cat-5e-p-krone-110\/"},"modified":"2026-04-05T10:41:45","modified_gmt":"2026-04-05T13:41:45","slug":"acc-glc-patch-pannel-24ports-cat-5e-p-krone-110","status":"publish","type":"product","link":"https:\/\/saltacom.com\/index.php\/producto\/acc-glc-patch-pannel-24ports-cat-5e-p-krone-110\/","title":{"rendered":"ACC.GLC PATCH PANNEL 24PORTS CAT 5E P\/ KRONE\/110"},"content":{"rendered":"<p>De la familia de Patch Pannels de GLC: \u201cPATCH PANNEL 24 PORTS CAT 5E  RACKEABLE\u201d . Este art\u00edculo de f\u00e1cil instalaci\u00f3n y mantenimiento, puede ser utilizado con gu\u00eda trasera del cable.Para la instalaci\u00f3n, SE SUMINISTRAN ABRAZADERAS DE TORNILLO Y TUERCA DE FIJACI\u00d3N DEL KIT.Se puede utilizar con todo tipo de cables, UTP.<\/p>\n","protected":false},"excerpt":{"rendered":"<p><strong>Marca:<\/strong> GLC<\/p>\n","protected":false},"featured_media":34920,"template":"","meta":[],"product_brand":[],"product_cat":[155,168],"product_tag":[],"class_list":{"0":"post-34919","1":"product","2":"type-product","3":"status-publish","4":"has-post-thumbnail","6":"product_cat-msn","7":"product_cat-glc","9":"first","10":"onbackorder","11":"shipping-taxable","12":"purchasable","13":"product-type-simple"},"_links":{"self":[{"href":"https:\/\/saltacom.com\/index.php\/wp-json\/wp\/v2\/product\/34919","targetHints":{"allow":["GET"]}}],"collection":[{"href":"https:\/\/saltacom.com\/index.php\/wp-json\/wp\/v2\/product"}],"about":[{"href":"https:\/\/saltacom.com\/index.php\/wp-json\/wp\/v2\/types\/product"}],"version-history":[{"count":0,"href":"https:\/\/saltacom.com\/index.php\/wp-json\/wp\/v2\/product\/34919\/revisions"}],"wp:featuredmedia":[{"embeddable":true,"href":"https:\/\/saltacom.com\/index.php\/wp-json\/wp\/v2\/media\/34920"}],"wp:attachment":[{"href":"https:\/\/saltacom.com\/index.php\/wp-json\/wp\/v2\/media?parent=34919"}],"wp:term":[{"taxonomy":"product_brand","embeddable":true,"href":"https:\/\/saltacom.com\/index.php\/wp-json\/wp\/v2\/product_brand?post=34919"},{"taxonomy":"product_cat","embeddable":true,"href":"https:\/\/saltacom.com\/index.php\/wp-json\/wp\/v2\/product_cat?post=34919"},{"taxonomy":"product_tag","embeddable":true,"href":"https:\/\/saltacom.com\/index.php\/wp-json\/wp\/v2\/product_tag?post=34919"}],"curies":[{"name":"wp","href":"https:\/\/api.w.org\/{rel}","templated":true}]}}