{"id":34925,"date":"2026-04-05T10:41:48","date_gmt":"2026-04-05T13:41:48","guid":{"rendered":"https:\/\/saltacom.com\/index.php\/producto\/acc-glc-patch-cord-utp-cat-5e-0-6m-glc\/"},"modified":"2026-04-06T01:15:47","modified_gmt":"2026-04-06T04:15:47","slug":"acc-glc-patch-cord-utp-cat-5e-0-6m-glc","status":"publish","type":"product","link":"https:\/\/saltacom.com\/index.php\/producto\/acc-glc-patch-cord-utp-cat-5e-0-6m-glc\/","title":{"rendered":"ACC.GLC PATCH CORD UTP CAT.5E 0.6M GLC"},"content":{"rendered":"<p>PATCH CORD UTP CAT.5E 0.6M GLCEsta unidad funciona como cord\u00f3n de conectividad y suele utilizarse para interligar las redes de voz, datos e im\u00e1genes con equipamiento de otras \u00e1reas de trabajo (cableado horizontal).Est\u00e1 compuesto de cables flexibles UTP de 4 pares cat. 5e con conductores multifilares y terminados con conectores de 8 posiciones en cada extremo<\/p>\n","protected":false},"excerpt":{"rendered":"<p><strong>Marca:<\/strong> GLC<\/p>\n","protected":false},"featured_media":34926,"template":"","meta":[],"product_brand":[],"product_cat":[155,168],"product_tag":[],"class_list":{"0":"post-34925","1":"product","2":"type-product","3":"status-publish","4":"has-post-thumbnail","6":"product_cat-msn","7":"product_cat-glc","9":"first","10":"onbackorder","11":"shipping-taxable","12":"purchasable","13":"product-type-simple"},"_links":{"self":[{"href":"https:\/\/saltacom.com\/index.php\/wp-json\/wp\/v2\/product\/34925","targetHints":{"allow":["GET"]}}],"collection":[{"href":"https:\/\/saltacom.com\/index.php\/wp-json\/wp\/v2\/product"}],"about":[{"href":"https:\/\/saltacom.com\/index.php\/wp-json\/wp\/v2\/types\/product"}],"version-history":[{"count":0,"href":"https:\/\/saltacom.com\/index.php\/wp-json\/wp\/v2\/product\/34925\/revisions"}],"wp:featuredmedia":[{"embeddable":true,"href":"https:\/\/saltacom.com\/index.php\/wp-json\/wp\/v2\/media\/34926"}],"wp:attachment":[{"href":"https:\/\/saltacom.com\/index.php\/wp-json\/wp\/v2\/media?parent=34925"}],"wp:term":[{"taxonomy":"product_brand","embeddable":true,"href":"https:\/\/saltacom.com\/index.php\/wp-json\/wp\/v2\/product_brand?post=34925"},{"taxonomy":"product_cat","embeddable":true,"href":"https:\/\/saltacom.com\/index.php\/wp-json\/wp\/v2\/product_cat?post=34925"},{"taxonomy":"product_tag","embeddable":true,"href":"https:\/\/saltacom.com\/index.php\/wp-json\/wp\/v2\/product_tag?post=34925"}],"curies":[{"name":"wp","href":"https:\/\/api.w.org\/{rel}","templated":true}]}}