{"id":34937,"date":"2026-04-05T10:41:55","date_gmt":"2026-04-05T13:41:55","guid":{"rendered":"https:\/\/saltacom.com\/index.php\/producto\/acc-rack-glc-canal-de-tension-10-tomas-c-termica\/"},"modified":"2026-04-05T10:41:55","modified_gmt":"2026-04-05T13:41:55","slug":"acc-rack-glc-canal-de-tension-10-tomas-c-termica","status":"publish","type":"product","link":"https:\/\/saltacom.com\/index.php\/producto\/acc-rack-glc-canal-de-tension-10-tomas-c-termica\/","title":{"rendered":"ACC.RACK GLC CANAL DE TENSION 10 TOMAS C\/TERMICA"},"content":{"rendered":"<p>El canal de tensi\u00f3n  vertical HTAL 10T con t\u00e9rmica  administra adecuadamente y de forma prolija la necesidad de energ\u00eda dentro de un rack para telecomunicaciones.Tomas IRAM: Richi (o similar). \/\/Tomas Schuko: Asanno (o similar). \/\/Termomagneticas: Siemens (o similar).<\/p>\n","protected":false},"excerpt":{"rendered":"<p><strong>Marca:<\/strong> GLC<\/p>\n","protected":false},"featured_media":34938,"template":"","meta":[],"product_brand":[],"product_cat":[155,168],"product_tag":[],"class_list":{"0":"post-34937","1":"product","2":"type-product","3":"status-publish","4":"has-post-thumbnail","6":"product_cat-msn","7":"product_cat-glc","9":"first","10":"onbackorder","11":"shipping-taxable","12":"purchasable","13":"product-type-simple"},"_links":{"self":[{"href":"https:\/\/saltacom.com\/index.php\/wp-json\/wp\/v2\/product\/34937","targetHints":{"allow":["GET"]}}],"collection":[{"href":"https:\/\/saltacom.com\/index.php\/wp-json\/wp\/v2\/product"}],"about":[{"href":"https:\/\/saltacom.com\/index.php\/wp-json\/wp\/v2\/types\/product"}],"version-history":[{"count":0,"href":"https:\/\/saltacom.com\/index.php\/wp-json\/wp\/v2\/product\/34937\/revisions"}],"wp:featuredmedia":[{"embeddable":true,"href":"https:\/\/saltacom.com\/index.php\/wp-json\/wp\/v2\/media\/34938"}],"wp:attachment":[{"href":"https:\/\/saltacom.com\/index.php\/wp-json\/wp\/v2\/media?parent=34937"}],"wp:term":[{"taxonomy":"product_brand","embeddable":true,"href":"https:\/\/saltacom.com\/index.php\/wp-json\/wp\/v2\/product_brand?post=34937"},{"taxonomy":"product_cat","embeddable":true,"href":"https:\/\/saltacom.com\/index.php\/wp-json\/wp\/v2\/product_cat?post=34937"},{"taxonomy":"product_tag","embeddable":true,"href":"https:\/\/saltacom.com\/index.php\/wp-json\/wp\/v2\/product_tag?post=34937"}],"curies":[{"name":"wp","href":"https:\/\/api.w.org\/{rel}","templated":true}]}}