{"id":34941,"date":"2026-04-05T10:42:01","date_gmt":"2026-04-05T13:42:01","guid":{"rendered":"https:\/\/saltacom.com\/index.php\/producto\/f-o-glc-drop-flat-1f-sm-fig-8-c-p-dielec-x-1000m\/"},"modified":"2026-04-05T10:43:30","modified_gmt":"2026-04-05T13:43:30","slug":"f-o-glc-drop-flat-1f-sm-fig-8-c-p-dielec-x-1000m","status":"publish","type":"product","link":"https:\/\/saltacom.com\/index.php\/producto\/f-o-glc-drop-flat-1f-sm-fig-8-c-p-dielec-x-1000m\/","title":{"rendered":"F.O.GLC DROP FLAT 1F SM FIG.8 C\/P.DIELEC X 1000M"},"content":{"rendered":"<p>Alta flexibilidadMuy alta resistencia a la abrasi\u00f3n.Alta resistencia al aplastamiento e impacto.Simple y seguro de instalar.Muy bajas p\u00e9rdidas \u00f3pticas inducidas por curvaturas.Muy bajo coeficiente de atenuaci\u00f3n \u00f3ptica. Excelente durabilidad a la intemperie.No requiere elementos de retenci\u00f3n especiales para instalaciones a\u00e9reas.Con portante diel\u00e9ctrico.<\/p>\n","protected":false},"excerpt":{"rendered":"<p><strong>Marca:<\/strong> GLC<\/p>\n","protected":false},"featured_media":34942,"template":"","meta":[],"product_brand":[],"product_cat":[155,165,168],"product_tag":[],"class_list":{"0":"post-34941","1":"product","2":"type-product","3":"status-publish","4":"has-post-thumbnail","6":"product_cat-msn","7":"product_cat-fibra","8":"product_cat-glc","10":"first","11":"onbackorder","12":"shipping-taxable","13":"purchasable","14":"product-type-simple"},"_links":{"self":[{"href":"https:\/\/saltacom.com\/index.php\/wp-json\/wp\/v2\/product\/34941","targetHints":{"allow":["GET"]}}],"collection":[{"href":"https:\/\/saltacom.com\/index.php\/wp-json\/wp\/v2\/product"}],"about":[{"href":"https:\/\/saltacom.com\/index.php\/wp-json\/wp\/v2\/types\/product"}],"version-history":[{"count":0,"href":"https:\/\/saltacom.com\/index.php\/wp-json\/wp\/v2\/product\/34941\/revisions"}],"wp:featuredmedia":[{"embeddable":true,"href":"https:\/\/saltacom.com\/index.php\/wp-json\/wp\/v2\/media\/34942"}],"wp:attachment":[{"href":"https:\/\/saltacom.com\/index.php\/wp-json\/wp\/v2\/media?parent=34941"}],"wp:term":[{"taxonomy":"product_brand","embeddable":true,"href":"https:\/\/saltacom.com\/index.php\/wp-json\/wp\/v2\/product_brand?post=34941"},{"taxonomy":"product_cat","embeddable":true,"href":"https:\/\/saltacom.com\/index.php\/wp-json\/wp\/v2\/product_cat?post=34941"},{"taxonomy":"product_tag","embeddable":true,"href":"https:\/\/saltacom.com\/index.php\/wp-json\/wp\/v2\/product_tag?post=34941"}],"curies":[{"name":"wp","href":"https:\/\/api.w.org\/{rel}","templated":true}]}}