{"id":34943,"date":"2026-04-05T10:42:07","date_gmt":"2026-04-05T13:42:07","guid":{"rendered":"https:\/\/saltacom.com\/index.php\/producto\/acc-f-o-glc-conector-sc-apc-sm-mecanico-capuchon-lar\/"},"modified":"2026-04-05T10:43:35","modified_gmt":"2026-04-05T13:43:35","slug":"acc-f-o-glc-conector-sc-apc-sm-mecanico-capuchon-lar","status":"publish","type":"product","link":"https:\/\/saltacom.com\/index.php\/producto\/acc-f-o-glc-conector-sc-apc-sm-mecanico-capuchon-lar\/","title":{"rendered":"ACC. F.O.GLC CONECTOR SC\/APC SM MECANICO CAPUCHON LAR"},"content":{"rendered":"<p>De la familia de Conectores GLC.Caracter\u00edsticas:Fibra pre-tratada en la f\u00e9rula, sin fusi\u00f3n ni pulido.Rendimiento \u00f3ptico estableRendimiento ambiental confiableLa longitud es inferior a 50.5mmEl conector se puede usar HASTA 5 VECES (reduce el desperdicio de cable)<\/p>\n","protected":false},"excerpt":{"rendered":"<p><strong>Marca:<\/strong> GLC<\/p>\n","protected":false},"featured_media":34944,"template":"","meta":[],"product_brand":[],"product_cat":[155,165,168],"product_tag":[],"class_list":{"0":"post-34943","1":"product","2":"type-product","3":"status-publish","4":"has-post-thumbnail","6":"product_cat-msn","7":"product_cat-fibra","8":"product_cat-glc","10":"first","11":"onbackorder","12":"shipping-taxable","13":"purchasable","14":"product-type-simple"},"_links":{"self":[{"href":"https:\/\/saltacom.com\/index.php\/wp-json\/wp\/v2\/product\/34943","targetHints":{"allow":["GET"]}}],"collection":[{"href":"https:\/\/saltacom.com\/index.php\/wp-json\/wp\/v2\/product"}],"about":[{"href":"https:\/\/saltacom.com\/index.php\/wp-json\/wp\/v2\/types\/product"}],"version-history":[{"count":0,"href":"https:\/\/saltacom.com\/index.php\/wp-json\/wp\/v2\/product\/34943\/revisions"}],"wp:featuredmedia":[{"embeddable":true,"href":"https:\/\/saltacom.com\/index.php\/wp-json\/wp\/v2\/media\/34944"}],"wp:attachment":[{"href":"https:\/\/saltacom.com\/index.php\/wp-json\/wp\/v2\/media?parent=34943"}],"wp:term":[{"taxonomy":"product_brand","embeddable":true,"href":"https:\/\/saltacom.com\/index.php\/wp-json\/wp\/v2\/product_brand?post=34943"},{"taxonomy":"product_cat","embeddable":true,"href":"https:\/\/saltacom.com\/index.php\/wp-json\/wp\/v2\/product_cat?post=34943"},{"taxonomy":"product_tag","embeddable":true,"href":"https:\/\/saltacom.com\/index.php\/wp-json\/wp\/v2\/product_tag?post=34943"}],"curies":[{"name":"wp","href":"https:\/\/api.w.org\/{rel}","templated":true}]}}