{"id":34957,"date":"2026-04-05T10:42:26","date_gmt":"2026-04-05T13:42:26","guid":{"rendered":"https:\/\/saltacom.com\/index.php\/producto\/mural-glc-mural-soho-9u-500mm-19-pta-vd-desarmado\/"},"modified":"2026-04-06T01:15:49","modified_gmt":"2026-04-06T04:15:49","slug":"mural-glc-mural-soho-9u-500mm-19-pta-vd-desarmado","status":"publish","type":"product","link":"https:\/\/saltacom.com\/index.php\/producto\/mural-glc-mural-soho-9u-500mm-19-pta-vd-desarmado\/","title":{"rendered":"MURAL GLC MURAL SOHO 9U-500mm- 19 PTA\/VD DESARMADO"},"content":{"rendered":"<p>Esta estructura con dise\u00f1o inteligente, es ampliamente utilizado en sistemas de red, educativos, de radiodifusi\u00f3n y de telecomunicaciones.Es f\u00e1cilmente montable en pared (con posibilidad de instalar pies para colocar en el piso).Con una capacidad de carga de 60kg, esta estructura, de acero laminado en fr\u00edo, cuenta con puerta frontal y laterales desmontables. Adem\u00e1s porta un cristal templado con espesor de 5 mm que le otorga la est\u00e9tica de un dise\u00f1o profesional.<\/p>\n","protected":false},"excerpt":{"rendered":"<p><strong>Marca:<\/strong> GLC<\/p>\n","protected":false},"featured_media":34958,"template":"","meta":[],"product_brand":[],"product_cat":[155,168],"product_tag":[],"class_list":{"0":"post-34957","1":"product","2":"type-product","3":"status-publish","4":"has-post-thumbnail","6":"product_cat-msn","7":"product_cat-glc","9":"first","10":"onbackorder","11":"shipping-taxable","12":"purchasable","13":"product-type-simple"},"_links":{"self":[{"href":"https:\/\/saltacom.com\/index.php\/wp-json\/wp\/v2\/product\/34957","targetHints":{"allow":["GET"]}}],"collection":[{"href":"https:\/\/saltacom.com\/index.php\/wp-json\/wp\/v2\/product"}],"about":[{"href":"https:\/\/saltacom.com\/index.php\/wp-json\/wp\/v2\/types\/product"}],"version-history":[{"count":0,"href":"https:\/\/saltacom.com\/index.php\/wp-json\/wp\/v2\/product\/34957\/revisions"}],"wp:featuredmedia":[{"embeddable":true,"href":"https:\/\/saltacom.com\/index.php\/wp-json\/wp\/v2\/media\/34958"}],"wp:attachment":[{"href":"https:\/\/saltacom.com\/index.php\/wp-json\/wp\/v2\/media?parent=34957"}],"wp:term":[{"taxonomy":"product_brand","embeddable":true,"href":"https:\/\/saltacom.com\/index.php\/wp-json\/wp\/v2\/product_brand?post=34957"},{"taxonomy":"product_cat","embeddable":true,"href":"https:\/\/saltacom.com\/index.php\/wp-json\/wp\/v2\/product_cat?post=34957"},{"taxonomy":"product_tag","embeddable":true,"href":"https:\/\/saltacom.com\/index.php\/wp-json\/wp\/v2\/product_tag?post=34957"}],"curies":[{"name":"wp","href":"https:\/\/api.w.org\/{rel}","templated":true}]}}