{"id":34961,"date":"2026-04-05T10:42:27","date_gmt":"2026-04-05T13:42:27","guid":{"rendered":"https:\/\/saltacom.com\/index.php\/producto\/acc-glc-capuchon-p-rj-45-negro\/"},"modified":"2026-04-07T01:15:51","modified_gmt":"2026-04-07T04:15:51","slug":"acc-glc-capuchon-p-rj-45-negro","status":"publish","type":"product","link":"https:\/\/saltacom.com\/index.php\/producto\/acc-glc-capuchon-p-rj-45-negro\/","title":{"rendered":"ACC.GLC CAPUCHON P\/RJ 45 NEGRO"},"content":{"rendered":"<p>El capuch\u00f3n GLC es el accesorio perfecto para cubrir el conector RJ45 GLC, el mismo protege la uni\u00f3n entre el cable y el plug contra el estr\u00e9s mec\u00e1nico. Su color negro permite distinguir y simplificar la identificaci\u00f3n del cableado.<\/p>\n","protected":false},"excerpt":{"rendered":"<p><strong>Marca:<\/strong> GLC<\/p>\n","protected":false},"featured_media":34962,"template":"","meta":[],"product_brand":[],"product_cat":[155,168],"product_tag":[],"class_list":{"0":"post-34961","1":"product","2":"type-product","3":"status-publish","4":"has-post-thumbnail","6":"product_cat-msn","7":"product_cat-glc","9":"first","10":"onbackorder","11":"shipping-taxable","12":"purchasable","13":"product-type-simple"},"_links":{"self":[{"href":"https:\/\/saltacom.com\/index.php\/wp-json\/wp\/v2\/product\/34961","targetHints":{"allow":["GET"]}}],"collection":[{"href":"https:\/\/saltacom.com\/index.php\/wp-json\/wp\/v2\/product"}],"about":[{"href":"https:\/\/saltacom.com\/index.php\/wp-json\/wp\/v2\/types\/product"}],"version-history":[{"count":0,"href":"https:\/\/saltacom.com\/index.php\/wp-json\/wp\/v2\/product\/34961\/revisions"}],"wp:featuredmedia":[{"embeddable":true,"href":"https:\/\/saltacom.com\/index.php\/wp-json\/wp\/v2\/media\/34962"}],"wp:attachment":[{"href":"https:\/\/saltacom.com\/index.php\/wp-json\/wp\/v2\/media?parent=34961"}],"wp:term":[{"taxonomy":"product_brand","embeddable":true,"href":"https:\/\/saltacom.com\/index.php\/wp-json\/wp\/v2\/product_brand?post=34961"},{"taxonomy":"product_cat","embeddable":true,"href":"https:\/\/saltacom.com\/index.php\/wp-json\/wp\/v2\/product_cat?post=34961"},{"taxonomy":"product_tag","embeddable":true,"href":"https:\/\/saltacom.com\/index.php\/wp-json\/wp\/v2\/product_tag?post=34961"}],"curies":[{"name":"wp","href":"https:\/\/api.w.org\/{rel}","templated":true}]}}