{"id":34965,"date":"2026-04-05T10:42:28","date_gmt":"2026-04-05T13:42:28","guid":{"rendered":"https:\/\/saltacom.com\/index.php\/producto\/acc-glc-plug-rj-45-cat-6-glc\/"},"modified":"2026-04-07T01:15:51","modified_gmt":"2026-04-07T04:15:51","slug":"acc-glc-plug-rj-45-cat-6-glc","status":"publish","type":"product","link":"https:\/\/saltacom.com\/index.php\/producto\/acc-glc-plug-rj-45-cat-6-glc\/","title":{"rendered":"ACC.GLC PLUG RJ 45 CAT 6 GLC"},"content":{"rendered":"<p>Este conector termopl\u00e1sticos de alto impacto de la familia de productos GLC es el perfecto aliado para cualquier instalaci\u00f3n categor\u00eda 6. Su utilizaci\u00f3n esta destinada a cables solidos.Cuenta con 8 contactos de bronce fosforado con n\u00edquel y chapado en oro. Utilizado para cables en instalaciones categor\u00eda 6.bolsa 100u.<\/p>\n","protected":false},"excerpt":{"rendered":"<p><strong>Marca:<\/strong> GLC<\/p>\n","protected":false},"featured_media":34966,"template":"","meta":[],"product_brand":[],"product_cat":[155,168],"product_tag":[],"class_list":{"0":"post-34965","1":"product","2":"type-product","3":"status-publish","4":"has-post-thumbnail","6":"product_cat-msn","7":"product_cat-glc","9":"first","10":"onbackorder","11":"shipping-taxable","12":"purchasable","13":"product-type-simple"},"_links":{"self":[{"href":"https:\/\/saltacom.com\/index.php\/wp-json\/wp\/v2\/product\/34965","targetHints":{"allow":["GET"]}}],"collection":[{"href":"https:\/\/saltacom.com\/index.php\/wp-json\/wp\/v2\/product"}],"about":[{"href":"https:\/\/saltacom.com\/index.php\/wp-json\/wp\/v2\/types\/product"}],"version-history":[{"count":0,"href":"https:\/\/saltacom.com\/index.php\/wp-json\/wp\/v2\/product\/34965\/revisions"}],"wp:featuredmedia":[{"embeddable":true,"href":"https:\/\/saltacom.com\/index.php\/wp-json\/wp\/v2\/media\/34966"}],"wp:attachment":[{"href":"https:\/\/saltacom.com\/index.php\/wp-json\/wp\/v2\/media?parent=34965"}],"wp:term":[{"taxonomy":"product_brand","embeddable":true,"href":"https:\/\/saltacom.com\/index.php\/wp-json\/wp\/v2\/product_brand?post=34965"},{"taxonomy":"product_cat","embeddable":true,"href":"https:\/\/saltacom.com\/index.php\/wp-json\/wp\/v2\/product_cat?post=34965"},{"taxonomy":"product_tag","embeddable":true,"href":"https:\/\/saltacom.com\/index.php\/wp-json\/wp\/v2\/product_tag?post=34965"}],"curies":[{"name":"wp","href":"https:\/\/api.w.org\/{rel}","templated":true}]}}