{"id":34969,"date":"2026-04-05T10:42:30","date_gmt":"2026-04-05T13:42:30","guid":{"rendered":"https:\/\/saltacom.com\/index.php\/producto\/acc-rack-glc-organizador-de-cable-de-2u-glc-p-rack\/"},"modified":"2026-04-07T01:15:51","modified_gmt":"2026-04-07T04:15:51","slug":"acc-rack-glc-organizador-de-cable-de-2u-glc-p-rack","status":"publish","type":"product","link":"https:\/\/saltacom.com\/index.php\/producto\/acc-rack-glc-organizador-de-cable-de-2u-glc-p-rack\/","title":{"rendered":"ACC.RACK GLC ORGANIZADOR DE CABLE DE 2U GLC P\/RACK"},"content":{"rendered":"<p>La unidad compone el sistema de organizaci\u00f3n de cables.  Se encuentra dise\u00f1ado para la distribuci\u00f3n efectiva del cableado; permite INCREMENTAR SU DENSIDAD mediante la utilizaci\u00f3n \u00f3ptima del espacio, d\u00e1ndole un aspecto mas profesional a todo el sistema.Horizontal en 19\u201dVertical en 5 anillas individuales2 unidades<\/p>\n","protected":false},"excerpt":{"rendered":"<p><strong>Marca:<\/strong> GLC<\/p>\n","protected":false},"featured_media":34970,"template":"","meta":[],"product_brand":[],"product_cat":[155,168],"product_tag":[],"class_list":{"0":"post-34969","1":"product","2":"type-product","3":"status-publish","4":"has-post-thumbnail","6":"product_cat-msn","7":"product_cat-glc","9":"first","10":"onbackorder","11":"shipping-taxable","12":"purchasable","13":"product-type-simple"},"_links":{"self":[{"href":"https:\/\/saltacom.com\/index.php\/wp-json\/wp\/v2\/product\/34969","targetHints":{"allow":["GET"]}}],"collection":[{"href":"https:\/\/saltacom.com\/index.php\/wp-json\/wp\/v2\/product"}],"about":[{"href":"https:\/\/saltacom.com\/index.php\/wp-json\/wp\/v2\/types\/product"}],"version-history":[{"count":0,"href":"https:\/\/saltacom.com\/index.php\/wp-json\/wp\/v2\/product\/34969\/revisions"}],"wp:featuredmedia":[{"embeddable":true,"href":"https:\/\/saltacom.com\/index.php\/wp-json\/wp\/v2\/media\/34970"}],"wp:attachment":[{"href":"https:\/\/saltacom.com\/index.php\/wp-json\/wp\/v2\/media?parent=34969"}],"wp:term":[{"taxonomy":"product_brand","embeddable":true,"href":"https:\/\/saltacom.com\/index.php\/wp-json\/wp\/v2\/product_brand?post=34969"},{"taxonomy":"product_cat","embeddable":true,"href":"https:\/\/saltacom.com\/index.php\/wp-json\/wp\/v2\/product_cat?post=34969"},{"taxonomy":"product_tag","embeddable":true,"href":"https:\/\/saltacom.com\/index.php\/wp-json\/wp\/v2\/product_tag?post=34969"}],"curies":[{"name":"wp","href":"https:\/\/api.w.org\/{rel}","templated":true}]}}