{"id":34973,"date":"2026-04-05T10:42:36","date_gmt":"2026-04-05T13:42:36","guid":{"rendered":"https:\/\/saltacom.com\/index.php\/producto\/rack-glc-rack-20u-600mm-prof-pta-vidrio-desar-glc\/"},"modified":"2026-04-07T01:15:51","modified_gmt":"2026-04-07T04:15:51","slug":"rack-glc-rack-20u-600mm-prof-pta-vidrio-desar-glc","status":"publish","type":"product","link":"https:\/\/saltacom.com\/index.php\/producto\/rack-glc-rack-20u-600mm-prof-pta-vidrio-desar-glc\/","title":{"rendered":"RACK GLC RACK 20U-600MM PROF PTA VIDRIO DESAR GLC"},"content":{"rendered":"<p>Gabinete dise\u00f1ado bajo Norma EIA\/TIA 310 E. Apto para la instalaci\u00f3n de equipamientos de networking, redes de datos, fibra \u00f3ptica y todos aquellos pasivos que est\u00e9n normalizados o no.Fabricada en l\u00e1mina de acero SAE 1010 DD 1,65. Compuesta por marcos delanteros y posteriores que permiten un desarmado \u00e1gil y r\u00e1pido. Consigue rigidez a partir de largueros horizontales plagados en forma de omega con perforaciones aptas para la sujeci\u00f3n de cables y colocaci\u00f3n de tuercas jaula, que se encuentran distribuidos en la altura del gabinete. Base con piso deslizable para permitir acceso de cables por diferentes ubicaciones.<\/p>\n","protected":false},"excerpt":{"rendered":"<p><strong>Marca:<\/strong> GLC<\/p>\n","protected":false},"featured_media":0,"template":"","meta":[],"product_brand":[],"product_cat":[155,168],"product_tag":[],"class_list":{"0":"post-34973","1":"product","2":"type-product","3":"status-publish","5":"product_cat-msn","6":"product_cat-glc","8":"first","9":"onbackorder","10":"shipping-taxable","11":"purchasable","12":"product-type-simple"},"_links":{"self":[{"href":"https:\/\/saltacom.com\/index.php\/wp-json\/wp\/v2\/product\/34973","targetHints":{"allow":["GET"]}}],"collection":[{"href":"https:\/\/saltacom.com\/index.php\/wp-json\/wp\/v2\/product"}],"about":[{"href":"https:\/\/saltacom.com\/index.php\/wp-json\/wp\/v2\/types\/product"}],"version-history":[{"count":0,"href":"https:\/\/saltacom.com\/index.php\/wp-json\/wp\/v2\/product\/34973\/revisions"}],"wp:attachment":[{"href":"https:\/\/saltacom.com\/index.php\/wp-json\/wp\/v2\/media?parent=34973"}],"wp:term":[{"taxonomy":"product_brand","embeddable":true,"href":"https:\/\/saltacom.com\/index.php\/wp-json\/wp\/v2\/product_brand?post=34973"},{"taxonomy":"product_cat","embeddable":true,"href":"https:\/\/saltacom.com\/index.php\/wp-json\/wp\/v2\/product_cat?post=34973"},{"taxonomy":"product_tag","embeddable":true,"href":"https:\/\/saltacom.com\/index.php\/wp-json\/wp\/v2\/product_tag?post=34973"}],"curies":[{"name":"wp","href":"https:\/\/api.w.org\/{rel}","templated":true}]}}