{"id":35020,"date":"2026-04-05T10:58:41","date_gmt":"2026-04-05T13:58:41","guid":{"rendered":"https:\/\/saltacom.com\/index.php\/producto\/monitor-22-asus-vy229hf-j-black-ips-100hz-hdmi-vga\/"},"modified":"2026-04-05T17:06:49","modified_gmt":"2026-04-05T20:06:49","slug":"monitor-22-asus-vy229hf-j-black-ips-100hz-hdmi-vga","status":"publish","type":"product","link":"https:\/\/saltacom.com\/index.php\/producto\/monitor-22-asus-vy229hf-j-black-ips-100hz-hdmi-vga\/","title":{"rendered":"MONITOR 22 ASUS VY229HF-J BLACK IPS 100HZ HDMI\/VGA"},"content":{"rendered":"<p>ModelrnVY229HFrnMonitorrnTamau00f1o del panel (pulgadas):21.45rnRelaciu00f3n de aspecto:16:09rnu00c1rea de visualizaciu00f3n de la pantalla (H x V):478.656 x 260.28 mmrnSuperficie de visualizaciu00f3n:Non-GlarernTipo de luz de fondo:LEDrnTipo de panel:IPSrnu00c1ngulo de visiu00f3n (CR ? 10, H \/ V):178u00b0\/178u00b0rnTamau00f1o de pu00edxel :0.249mmrnResoluciu00f3n :1920 x 1080rnBrillo (tu00edpico):250 cd\/?rnRelaciu00f3n de contraste (tu00edpico):1300:01:00rnColores de pantalla:16.7MrnTiempo de respuesta :MPRT de 1 msrnFrecuencia de actualizaciu00f3n (mu00e1x.):Mu00e1x. 100 HzrnVidrio de protecciu00f3n:NornSin destellos :Su00edrnCaracteru00edstica de videornTecnologia SPLENDID:Su00edrnTemperatura de color. Selecciu00f3n:Yes(4 modes)rnGamePlus : Su00edrnQuickFit :YesrnHDCP : Su00edrnTecnologu00eda VRR:Yes (Adaptive-Sync)rnImpulso oscuro:Su00edrnSincronizaciu00f3n de movimiento:Su00edrnWidget de visualizaciu00f3n:Su00edrnLuz azul baja:Su00edrnTecnologu00eda para el cuidado de los ojos:YesrnCaracteru00edstica de audiornAltavoz:NornPuertos I\/OrnHDMI(v1.4) x 1rnVGA x 1rnEnchufe de audu00edfonos :Su00edrnFrecuencia de la seu00f1alrnFrecuencia de seu00f1al digital:HDMI: 24~120 KHz (H) \/ 48~100 Hz (V)rnFrecuencia de seu00f1al analu00f3gica:24~84 KHz (H) \/ 48~75 Hz (V)rnEl consumo de energu00edarnEl consumo de energu00eda :&lt;12.79WrnModo de ahorro de energu00eda :&lt;0.5WrnModo apagado:&lt; 0,5 WrnVoltaje :100-240V, 50\/60HzrnDiseu00f1o mecanicornInclinaciu00f3n:Yes (+23u00b0 ~ -5u00b0)rnAjuste de altura :NornMontaje en pared VESA:100 x 100 mmrnCerradura Kensington :Su00edrnTratamiento antibacteriano:YesrnDimensiones (Esti.)rnDimensiu00f3n fu00edsica (An x Al x Pr):49.39 x 36.18 x 16.44 cm (19.44 x 14.24 x 6.47)rnPhys. Dimension without Stand (W x H x D) : 49.39 x 29.03 x 5.13 cm (19.44 x 11.43 x 2.02)rnDimensiones de la caja (An x Al x Pr):56.5 x 41.2 x 13.3 cm (22.24 x 16.22 x 5.24)rnPeso (Esti.)rnPeso neto :2.72 kg (6.00 lbs)rnNet Weight without Stand : 2.36 kg (5.20 lbs)rnPeso bruto :4.20 kg (9.26 lbs)rnAccesorios (varu00edan segu00fan la regiu00f3n)rnCable HDMIrnL-shaped ScrewdriverrnCable de alimentaciu00f3nrnGuu00eda de inicio ru00e1pidornTarjeta de garantu00edarnCertificadornEnergy StarrnEPEAT SilverrnTCO CertifiedrnTu00dcV sin parpadeornTu00dcV Luz azul baja<\/p>\n","protected":false},"excerpt":{"rendered":"<p>inModelo: VY229HFTama\u00f1o del panel: 21.45 pulgadasRelaci\u00f3n de aspecto: 16:9\u00c1rea de visualizaci\u00f3n: 478.656 mm (ancho) x 260.28 mm (alto)Superficie de visualizaci\u00f3n: AntirreflejanteTipo de luz de fondo: LEDTipo de panel: IPS\u00c1ngulos de visi\u00f3n: 178\u00b0 (horizontal) \/ 178\u00b0 (vertical)Tama\u00f1o de p\u00edxel: 0.249 mmResoluci\u00f3n: 1920 x 1080 (FHD)Brillo: 250 cd\/m\u00b2Relaci\u00f3n de contraste: 1300:1Colores de pantalla: 16.7MTiempo de respuesta: MPRT de 1msFrecuencia de actualizaci\u00f3n: M\u00e1x. 100 HzVidrio de protecci\u00f3n: NoTecnolog\u00eda sin destellos: S\u00edFunciones de video- Tecnolog\u00eda SPLENDID: S\u00ed- Selecci\u00f3n de temperatura de color: S\u00ed (4 modos)- GamePlus: S\u00ed- QuickFit: S\u00ed- HDCP: S\u00ed- Tecnolog\u00eda VRR (Adaptive-Sync): S\u00ed- Impulso oscuro: S\u00ed- Sincronizaci\u00f3n de movimiento: S\u00ed- Widget de visualizaci\u00f3n: S\u00ed- Luz azul baja: S\u00ed- Tecnolog\u00eda para el cuidado de los ojos: S\u00edAudioAltavoz: NoPuertos de entrada\/salida- 1x HDMI (v1.4)- 1x VGA- 1x Enchufe de aud\u00edfonosFrecuencia de la se\u00f1al- Frecuencia de se\u00f1al digital: HDMI: 24100 Hz (V)- Frecuencia de se\u00f1al anal\u00f3gica: 2475 Hz (V)Consumo de energ\u00eda- Consumo m\u00e1ximo: &lt;12.79W- Modo de ahorro de energ\u00eda: &lt;0.5W- Modo apagado: &lt;0.5W- Voltaje: 100-240V, 50\/60HzDise\u00f1o mec\u00e1nico- Inclinaci\u00f3n: S\u00ed (+23\u00b0 ~ -5\u00b0)- Ajuste de altura: No- Montaje VESA: 100 x 100 mm- Cerradura Kensington: S\u00ed- Tratamiento antibacteriano: S\u00edDimensiones y peso- Con base: 49.39 x 36.18 x 16.44 cm- Sin base: 49.39 x 29.03 x 5.13 cm- Dimensiones de la caja: 56.5 x 41.2 x 13.3 cm- Peso neto: 2.72 kg- Peso sin base: 2.36 kg- Peso bruto: 4.20 kgAccesorios incluidos- Cable HDMI- Destornillador en L- Cable de alimentaci\u00f3n- Gu\u00eda de inicio r\u00e1pido- Tarjeta de garant\u00edaCertificaciones- Energy Star- EPEAT Silver- TCO Certified- T\u00dcV sin parpadeo- T\u00dcV Luz azul bajain<\/p>\n","protected":false},"featured_media":35023,"template":"","meta":[],"product_brand":[],"product_cat":[127,126],"product_tag":[],"class_list":{"0":"post-35020","1":"product","2":"type-product","3":"status-publish","4":"has-post-thumbnail","6":"product_cat-ar","7":"product_cat-placa-de-video","9":"first","10":"instock","11":"shipping-taxable","12":"purchasable","13":"product-type-simple"},"_links":{"self":[{"href":"https:\/\/saltacom.com\/index.php\/wp-json\/wp\/v2\/product\/35020","targetHints":{"allow":["GET"]}}],"collection":[{"href":"https:\/\/saltacom.com\/index.php\/wp-json\/wp\/v2\/product"}],"about":[{"href":"https:\/\/saltacom.com\/index.php\/wp-json\/wp\/v2\/types\/product"}],"version-history":[{"count":2,"href":"https:\/\/saltacom.com\/index.php\/wp-json\/wp\/v2\/product\/35020\/revisions"}],"predecessor-version":[{"id":35022,"href":"https:\/\/saltacom.com\/index.php\/wp-json\/wp\/v2\/product\/35020\/revisions\/35022"}],"wp:featuredmedia":[{"embeddable":true,"href":"https:\/\/saltacom.com\/index.php\/wp-json\/wp\/v2\/media\/35023"}],"wp:attachment":[{"href":"https:\/\/saltacom.com\/index.php\/wp-json\/wp\/v2\/media?parent=35020"}],"wp:term":[{"taxonomy":"product_brand","embeddable":true,"href":"https:\/\/saltacom.com\/index.php\/wp-json\/wp\/v2\/product_brand?post=35020"},{"taxonomy":"product_cat","embeddable":true,"href":"https:\/\/saltacom.com\/index.php\/wp-json\/wp\/v2\/product_cat?post=35020"},{"taxonomy":"product_tag","embeddable":true,"href":"https:\/\/saltacom.com\/index.php\/wp-json\/wp\/v2\/product_tag?post=35020"}],"curies":[{"name":"wp","href":"https:\/\/api.w.org\/{rel}","templated":true}]}}