{"id":35069,"date":"2026-04-06T01:16:11","date_gmt":"2026-04-06T04:16:11","guid":{"rendered":"https:\/\/saltacom.com\/index.php\/producto\/storage-qnap-nas-2-bay-cortex-a55-4core-2ghz-2gb-ddr4\/"},"modified":"2026-04-07T01:15:53","modified_gmt":"2026-04-07T04:15:53","slug":"storage-qnap-nas-2-bay-cortex-a55-4core-2ghz-2gb-ddr4","status":"publish","type":"product","link":"https:\/\/saltacom.com\/index.php\/producto\/storage-qnap-nas-2-bay-cortex-a55-4core-2ghz-2gb-ddr4\/","title":{"rendered":"STORAGE QNAP NAS 2-BAY Cortex A55 4CORE 2GHZ 2GB DDR4"},"content":{"rendered":"<p>El TS-233-US es un NAS dise\u00f1ado para ser f\u00e1cil de usar y ligero, ideal para copias de seguridad, sincronizaci\u00f3n, acceso remoto y entretenimiento dom\u00e9stico.Sus principales caracter\u00edsticas son:Procesador y Memoria: Incorpora un procesador ARM Cortex-A55 de 4 n\u00facleos a 2.0 GHz y tiene una memoria RAM de 2 GB (no ampliable), con parte de esta reservada para la memoria gr\u00e1fica compartida.Almacenamiento: Dispone de 2 bah\u00edas para unidades SATA de 3,5 pulgadas a 6 Gbps, compatibles con unidades SATA de 3 Gbps. Admite discos duros SATA de 3,5 y 2,5 pulgadas, y unidades de estado s\u00f3lido SATA de 2,5 pulgadas. Es compatible con el intercambio en caliente (hot-swapping).Sistema Operativo: Utiliza el sistema operativo QTS de QNAP.Conectividad de Red: Incluye 1 puerto de red Gigabit Ethernet (GbE RJ45) con soporte para Wake-on-LAN.Puertos USB: Cuenta con 1 puerto USB 3.2 Gen 1 Tipo-A en el panel frontal, que soporta la funci\u00f3n \u00abOne Touch Copy\u00bb (copia con un solo toque), y 2 puertos USB 2.0 Tipo-A en la parte trasera.Dise\u00f1o: Su formato es de torre, con unas dimensiones de 188.64 x 90.18 x 156.26 mm y un peso neto de 1.11 kg.Otras caracter\u00edsticas: Posee botones de encendido, restablecimiento y \u00abUSB One Touch Copy\u00bb. Utiliza un adaptador de corriente de m\u00ednimo 48W (12V DC), con un rango de voltaje de 100-240V AC. El nivel de sonido es de 16.8 dB(A).<\/p>\n","protected":false},"excerpt":{"rendered":"<p><strong>Marca:<\/strong> QNAP<\/p>\n","protected":false},"featured_media":35070,"template":"","meta":[],"product_brand":[],"product_cat":[155],"product_tag":[],"class_list":{"0":"post-35069","1":"product","2":"type-product","3":"status-publish","4":"has-post-thumbnail","6":"product_cat-msn","8":"first","9":"onbackorder","10":"shipping-taxable","11":"purchasable","12":"product-type-simple"},"_links":{"self":[{"href":"https:\/\/saltacom.com\/index.php\/wp-json\/wp\/v2\/product\/35069","targetHints":{"allow":["GET"]}}],"collection":[{"href":"https:\/\/saltacom.com\/index.php\/wp-json\/wp\/v2\/product"}],"about":[{"href":"https:\/\/saltacom.com\/index.php\/wp-json\/wp\/v2\/types\/product"}],"version-history":[{"count":1,"href":"https:\/\/saltacom.com\/index.php\/wp-json\/wp\/v2\/product\/35069\/revisions"}],"predecessor-version":[{"id":35161,"href":"https:\/\/saltacom.com\/index.php\/wp-json\/wp\/v2\/product\/35069\/revisions\/35161"}],"wp:featuredmedia":[{"embeddable":true,"href":"https:\/\/saltacom.com\/index.php\/wp-json\/wp\/v2\/media\/35070"}],"wp:attachment":[{"href":"https:\/\/saltacom.com\/index.php\/wp-json\/wp\/v2\/media?parent=35069"}],"wp:term":[{"taxonomy":"product_brand","embeddable":true,"href":"https:\/\/saltacom.com\/index.php\/wp-json\/wp\/v2\/product_brand?post=35069"},{"taxonomy":"product_cat","embeddable":true,"href":"https:\/\/saltacom.com\/index.php\/wp-json\/wp\/v2\/product_cat?post=35069"},{"taxonomy":"product_tag","embeddable":true,"href":"https:\/\/saltacom.com\/index.php\/wp-json\/wp\/v2\/product_tag?post=35069"}],"curies":[{"name":"wp","href":"https:\/\/api.w.org\/{rel}","templated":true}]}}