{"id":35085,"date":"2026-04-06T01:16:33","date_gmt":"2026-04-06T04:16:33","guid":{"rendered":"https:\/\/saltacom.com\/index.php\/producto\/cable-fkw-f-utp-cat6a-gigalan-green-lszh3-cz-23awg\/"},"modified":"2026-04-06T01:16:35","modified_gmt":"2026-04-06T04:16:35","slug":"cable-fkw-f-utp-cat6a-gigalan-green-lszh3-cz-23awg","status":"publish","type":"product","link":"https:\/\/saltacom.com\/index.php\/producto\/cable-fkw-f-utp-cat6a-gigalan-green-lszh3-cz-23awg\/","title":{"rendered":"CABLE FKW F\/UTP CAT6A GIGALAN GREEN LSZH3 CZ 23AWG"},"content":{"rendered":"<p>El cable Lightera 23370002 es un cable blindado de categor\u00eda 6A dise\u00f1ado para transmisi\u00f3n de datos de alta velocidad (hasta 10 Gigabit Ethernet). Fabricado con conductor s\u00f3lido de cobre 23 AWG, ofrece excelente desempe\u00f1o y baja diafon\u00eda. Su cubierta LSZH ecol\u00f3gica, hecha con polietileno verde, reduce emisiones t\u00f3xicas y cumple normas RoHS y ANATEL. Ideal para instalaciones internas seguras y sustentables, combina alto rendimiento, durabilidad y compromiso ambiental<\/p>\n","protected":false},"excerpt":{"rendered":"<p><strong>Marca:<\/strong> FURUKAWA<\/p>\n","protected":false},"featured_media":35086,"template":"","meta":[],"product_brand":[],"product_cat":[155,163],"product_tag":[],"class_list":{"0":"post-35085","1":"product","2":"type-product","3":"status-publish","4":"has-post-thumbnail","6":"product_cat-msn","7":"product_cat-furukawa","9":"first","10":"onbackorder","11":"shipping-taxable","12":"purchasable","13":"product-type-simple"},"_links":{"self":[{"href":"https:\/\/saltacom.com\/index.php\/wp-json\/wp\/v2\/product\/35085","targetHints":{"allow":["GET"]}}],"collection":[{"href":"https:\/\/saltacom.com\/index.php\/wp-json\/wp\/v2\/product"}],"about":[{"href":"https:\/\/saltacom.com\/index.php\/wp-json\/wp\/v2\/types\/product"}],"version-history":[{"count":0,"href":"https:\/\/saltacom.com\/index.php\/wp-json\/wp\/v2\/product\/35085\/revisions"}],"wp:featuredmedia":[{"embeddable":true,"href":"https:\/\/saltacom.com\/index.php\/wp-json\/wp\/v2\/media\/35086"}],"wp:attachment":[{"href":"https:\/\/saltacom.com\/index.php\/wp-json\/wp\/v2\/media?parent=35085"}],"wp:term":[{"taxonomy":"product_brand","embeddable":true,"href":"https:\/\/saltacom.com\/index.php\/wp-json\/wp\/v2\/product_brand?post=35085"},{"taxonomy":"product_cat","embeddable":true,"href":"https:\/\/saltacom.com\/index.php\/wp-json\/wp\/v2\/product_cat?post=35085"},{"taxonomy":"product_tag","embeddable":true,"href":"https:\/\/saltacom.com\/index.php\/wp-json\/wp\/v2\/product_tag?post=35085"}],"curies":[{"name":"wp","href":"https:\/\/api.w.org\/{rel}","templated":true}]}}