{"id":35144,"date":"2026-04-06T01:17:17","date_gmt":"2026-04-06T04:17:17","guid":{"rendered":"https:\/\/saltacom.com\/index.php\/producto\/ups-eaton-interactiva-5a-700va-11-tower\/"},"modified":"2026-04-06T01:17:18","modified_gmt":"2026-04-06T04:17:18","slug":"ups-eaton-interactiva-5a-700va-11-tower","status":"publish","type":"product","link":"https:\/\/saltacom.com\/index.php\/producto\/ups-eaton-interactiva-5a-700va-11-tower\/","title":{"rendered":"UPS EATON INTERACTIVA 5A 700VA 1:1 TOWER"},"content":{"rendered":"<p>La UPS Eaton 5A 700VA es una soluci\u00f3n de l\u00ednea interactiva que ofrece excelente protecci\u00f3n y respaldo energ\u00e9tico para PCs, routers y puntos de venta. Su tecnolog\u00eda AVR corrige sub y sobretensiones sin usar bater\u00eda, extendiendo su vida \u00fatil. Incorpora arranque en fr\u00edo, protecci\u00f3n contra sobretensiones y 2 a\u00f1os de garant\u00eda. Su dise\u00f1o compacto con salidas IRAM la hace ideal para uso dom\u00e9stico o comercial, brindando una excelente relaci\u00f3n precio\u2013performance.<\/p>\n","protected":false},"excerpt":{"rendered":"<p><strong>Marca:<\/strong> EATON<\/p>\n","protected":false},"featured_media":0,"template":"","meta":[],"product_brand":[],"product_cat":[155,171],"product_tag":[],"class_list":{"0":"post-35144","1":"product","2":"type-product","3":"status-publish","5":"product_cat-msn","6":"product_cat-eaton","8":"first","9":"onbackorder","10":"shipping-taxable","11":"purchasable","12":"product-type-simple"},"_links":{"self":[{"href":"https:\/\/saltacom.com\/index.php\/wp-json\/wp\/v2\/product\/35144","targetHints":{"allow":["GET"]}}],"collection":[{"href":"https:\/\/saltacom.com\/index.php\/wp-json\/wp\/v2\/product"}],"about":[{"href":"https:\/\/saltacom.com\/index.php\/wp-json\/wp\/v2\/types\/product"}],"version-history":[{"count":0,"href":"https:\/\/saltacom.com\/index.php\/wp-json\/wp\/v2\/product\/35144\/revisions"}],"wp:attachment":[{"href":"https:\/\/saltacom.com\/index.php\/wp-json\/wp\/v2\/media?parent=35144"}],"wp:term":[{"taxonomy":"product_brand","embeddable":true,"href":"https:\/\/saltacom.com\/index.php\/wp-json\/wp\/v2\/product_brand?post=35144"},{"taxonomy":"product_cat","embeddable":true,"href":"https:\/\/saltacom.com\/index.php\/wp-json\/wp\/v2\/product_cat?post=35144"},{"taxonomy":"product_tag","embeddable":true,"href":"https:\/\/saltacom.com\/index.php\/wp-json\/wp\/v2\/product_tag?post=35144"}],"curies":[{"name":"wp","href":"https:\/\/api.w.org\/{rel}","templated":true}]}}