{"id":35168,"date":"2026-04-07T20:21:18","date_gmt":"2026-04-07T23:21:18","guid":{"rendered":"https:\/\/saltacom.com\/index.php\/producto\/vga-6gb-rtx-3050-asus-dual-06g-d6\/"},"modified":"2026-04-09T03:06:42","modified_gmt":"2026-04-09T06:06:42","slug":"vga-6gb-rtx-3050-asus-dual-06g-d6","status":"publish","type":"product","link":"https:\/\/saltacom.com\/index.php\/producto\/vga-6gb-rtx-3050-asus-dual-06g-d6\/","title":{"rendered":"VGA 6GB RTX 3050 ASUS DUAL 06G D6"},"content":{"rendered":"<p>Graphic Engine NVIDIAu00ae GeForce RTXu2122 3050rnBus Standard PCI Express 4.0rnOpenGL OpenGLu00ae4.6rnVideo Memory 6GB GDDR6rnEngine Clock OC mode : 1537 MHz (Boost Clock) Default mode : 1507 MHz (Boost Clock)rnCUDA Core 2304rnMemory Speed 14 GbpsrnMemory Interface 96-bitrnResolution Digital Max Resolution 7680 x 4320rnInterfacernYes x 1 (Native DVI-D)rnYes x 1 (Native HDMI 2.1)rnYes x 1 (Native DisplayPort 1.4a)rnHDCP Support Yes (2.3)rnrnMaximum Display Support 3rnNVlink\/ Crossfire Support NornAccessoriesrn1 x Speedsetup Manual?rnrnSoftwarernASUS GPU Tweak III &amp; GeForce Game Ready Driver &amp; Studio Driver: please download all software from the support site.rnrnDimensions 201 x 120 x 37 mm 7.91 x 4.72 x 1.46 inchesrnRecommended PSU 450WrnPower Connectors NornSlot 2 Slot<\/p>\n","protected":false},"excerpt":{"rendered":"<p>Motor gr\u00e1fico NVIDIA\u00ae GeForce RTX\u2122 3050Est\u00e1ndar de bus PCI Express 4.0OpenGL OpenGL\u00ae4.6Memoria de v\u00eddeo 6GB GDDR6Modo OC del reloj del motor: 1537 MHz (reloj de refuerzo) Modo predeterminado: 1507 MHz (reloj de refuerzo)N\u00facleo CUDA 2304Velocidad de memoria 14 GbpsInterfaz de memoria de 96 bitsResoluci\u00f3n Resoluci\u00f3n m\u00e1xima digital 7680 x 4320InterfazS\u00ed x 1 (DVI-D nativo)S\u00ed x 1 (HDMI 2.1 nativo)S\u00ed x 1 (DisplayPort 1.4a nativo)Soporte HDCP S\u00ed (2.3)Soporte m\u00e1ximo de pantalla 3Soporte NVlink\/Crossfire NoAccesorios1 manual de configuraci\u00f3n de velocidad.SoftwareControlador ASUS GPU Tweak III y GeForce Game Ready y controlador Studio: descargue todo el software desde el sitio de soporte.Dimensiones 201 x 120 x 37 mm 7,91 x 4,72 x 1,46 pulgadasFuente de alimentaci\u00f3n recomendada 450WConectores de alimentaci\u00f3n S\u00edRanura 2<\/p>\n","protected":false},"featured_media":35171,"template":"","meta":[],"product_brand":[],"product_cat":[127,126],"product_tag":[],"class_list":{"0":"post-35168","1":"product","2":"type-product","3":"status-publish","4":"has-post-thumbnail","6":"product_cat-ar","7":"product_cat-placa-de-video","9":"first","10":"instock","11":"shipping-taxable","12":"purchasable","13":"product-type-simple"},"_links":{"self":[{"href":"https:\/\/saltacom.com\/index.php\/wp-json\/wp\/v2\/product\/35168","targetHints":{"allow":["GET"]}}],"collection":[{"href":"https:\/\/saltacom.com\/index.php\/wp-json\/wp\/v2\/product"}],"about":[{"href":"https:\/\/saltacom.com\/index.php\/wp-json\/wp\/v2\/types\/product"}],"version-history":[{"count":2,"href":"https:\/\/saltacom.com\/index.php\/wp-json\/wp\/v2\/product\/35168\/revisions"}],"predecessor-version":[{"id":35170,"href":"https:\/\/saltacom.com\/index.php\/wp-json\/wp\/v2\/product\/35168\/revisions\/35170"}],"wp:featuredmedia":[{"embeddable":true,"href":"https:\/\/saltacom.com\/index.php\/wp-json\/wp\/v2\/media\/35171"}],"wp:attachment":[{"href":"https:\/\/saltacom.com\/index.php\/wp-json\/wp\/v2\/media?parent=35168"}],"wp:term":[{"taxonomy":"product_brand","embeddable":true,"href":"https:\/\/saltacom.com\/index.php\/wp-json\/wp\/v2\/product_brand?post=35168"},{"taxonomy":"product_cat","embeddable":true,"href":"https:\/\/saltacom.com\/index.php\/wp-json\/wp\/v2\/product_cat?post=35168"},{"taxonomy":"product_tag","embeddable":true,"href":"https:\/\/saltacom.com\/index.php\/wp-json\/wp\/v2\/product_tag?post=35168"}],"curies":[{"name":"wp","href":"https:\/\/api.w.org\/{rel}","templated":true}]}}