{"id":35198,"date":"2026-04-08T01:15:56","date_gmt":"2026-04-08T04:15:56","guid":{"rendered":"https:\/\/saltacom.com\/index.php\/producto\/placa-red-tp-link-adaptador-usb-n-ac600-wifi-bluetooth\/"},"modified":"2026-04-09T01:16:05","modified_gmt":"2026-04-09T04:16:05","slug":"placa-red-tp-link-adaptador-usb-n-ac600-wifi-bluetooth","status":"publish","type":"product","link":"https:\/\/saltacom.com\/index.php\/producto\/placa-red-tp-link-adaptador-usb-n-ac600-wifi-bluetooth\/","title":{"rendered":"PLACA RED TP LINK ADAPTADOR USB N AC600 WIFI-BLUETOOTH"},"content":{"rendered":"<p>Adaptador USB AC600 Nano Wi-Fi Bluetooth 4.2Alta velocidad Wi-Fi \u2013 Hasta 600Mbps de velocidad con 200Mbps en 2.4GHz y 433 Mbps en 5GHz, actualiza sus dispositivos a velocidades Wi-Fi de AC m\u00e1s altas.Doble banda inal\u00e1mbrica \u2013 Bandas de 2.4GHz y 5GHz para una conectividad flexible, actualiza sus dispositivos para que funcionen con el \u00faltimo router Wi-Fi de doble banda para una velocidad m\u00e1s r\u00e1pida y un rango extendido.Bluetooth 4.2 &#8211; Convierte su PC o notebook sin bluetooth en compatible con bluetoothDise\u00f1o Nano \u2013 Peque\u00f1o, el dise\u00f1o discreto le permite enchufarlo y olvidar que est\u00e1 all\u00ed.Sistema operativo \u2013 Soporta Windows 11\/10\/8.1\/8\/7 el WiFi y Windows 11\/10\/8.1\/7 el bluetoothSeguridad avanzada \u2013 Soporta los est\u00e1ndares de encriptaci\u00f3n WEP, WPA\/WPA2\/WPA3, WPA-PSK\/WPA2-PSK, WPA3-SAECAJA X 60u<\/p>\n","protected":false},"excerpt":{"rendered":"<p><strong>Marca:<\/strong> TP LINK<\/p>\n","protected":false},"featured_media":35199,"template":"","meta":[],"product_brand":[],"product_cat":[155,158],"product_tag":[],"class_list":{"0":"post-35198","1":"product","2":"type-product","3":"status-publish","4":"has-post-thumbnail","6":"product_cat-msn","7":"product_cat-tp-link","9":"first","10":"onbackorder","11":"shipping-taxable","12":"purchasable","13":"product-type-simple"},"_links":{"self":[{"href":"https:\/\/saltacom.com\/index.php\/wp-json\/wp\/v2\/product\/35198","targetHints":{"allow":["GET"]}}],"collection":[{"href":"https:\/\/saltacom.com\/index.php\/wp-json\/wp\/v2\/product"}],"about":[{"href":"https:\/\/saltacom.com\/index.php\/wp-json\/wp\/v2\/types\/product"}],"version-history":[{"count":0,"href":"https:\/\/saltacom.com\/index.php\/wp-json\/wp\/v2\/product\/35198\/revisions"}],"wp:featuredmedia":[{"embeddable":true,"href":"https:\/\/saltacom.com\/index.php\/wp-json\/wp\/v2\/media\/35199"}],"wp:attachment":[{"href":"https:\/\/saltacom.com\/index.php\/wp-json\/wp\/v2\/media?parent=35198"}],"wp:term":[{"taxonomy":"product_brand","embeddable":true,"href":"https:\/\/saltacom.com\/index.php\/wp-json\/wp\/v2\/product_brand?post=35198"},{"taxonomy":"product_cat","embeddable":true,"href":"https:\/\/saltacom.com\/index.php\/wp-json\/wp\/v2\/product_cat?post=35198"},{"taxonomy":"product_tag","embeddable":true,"href":"https:\/\/saltacom.com\/index.php\/wp-json\/wp\/v2\/product_tag?post=35198"}],"curies":[{"name":"wp","href":"https:\/\/api.w.org\/{rel}","templated":true}]}}