{"id":35201,"date":"2026-04-08T01:16:00","date_gmt":"2026-04-08T04:16:00","guid":{"rendered":"https:\/\/saltacom.com\/index.php\/producto\/tp-link-whole-home-mesh-wifi6-system-ax3000-2pcs\/"},"modified":"2026-04-09T01:16:08","modified_gmt":"2026-04-09T04:16:08","slug":"tp-link-whole-home-mesh-wifi6-system-ax3000-2pcs","status":"publish","type":"product","link":"https:\/\/saltacom.com\/index.php\/producto\/tp-link-whole-home-mesh-wifi6-system-ax3000-2pcs\/","title":{"rendered":"TP LINK WHOLE-HOME MESH WIFI6 SYSTEM AX3000 2PCS"},"content":{"rendered":"<p>Deco X50 Pack de 2 Mesh TP Link AX3000 Wifi Gigabit\u2022 Wi-Fi AX3000 Doble Banda &#8211; Wi-Fi 6 superr\u00e1pido con velocidades de hasta 3,0 Gbps\u2022 4 Flujos, Menos Lag &#8211; 2\u00d72\/HE160 2402 Mbps + 2\u00d72 574 Mbps\u2022 Velocidad Cableada Gigabit &#8211; 3\u00d7 Puertos Gigabit por unidad que proporcionan suficiente conectividad\u2022 Cobertura Reforzada sin Fisuras &#8211; Cobertura Wi-Fi Mesh sin fisuras de hasta 600 m2 (pack de 3)\u2022 Mesh Impulsado por IA &#8211; Aprende de forma inteligente el entorno de la red para proporcionar un Wi-Fi ideal y \u00fanico para tu hogar\u2022 TP-Link HomeShield &#8211; Proporciona una completa protecci\u00f3n de la red, s\u00f3lidos controles parentales y protecci\u00f3n del IoT en tiempo realConfiguraci\u00f3n m\u00e1s F\u00e1cil que Nunca &#8211; La aplicaci\u00f3n Deco te gu\u00eda paso a paso por la configuraci\u00f3nCAJA X 6u<\/p>\n","protected":false},"excerpt":{"rendered":"<p><strong>Marca:<\/strong> TP LINK<\/p>\n","protected":false},"featured_media":0,"template":"","meta":[],"product_brand":[],"product_cat":[155,158],"product_tag":[],"class_list":{"0":"post-35201","1":"product","2":"type-product","3":"status-publish","5":"product_cat-msn","6":"product_cat-tp-link","8":"first","9":"onbackorder","10":"shipping-taxable","11":"purchasable","12":"product-type-simple"},"_links":{"self":[{"href":"https:\/\/saltacom.com\/index.php\/wp-json\/wp\/v2\/product\/35201","targetHints":{"allow":["GET"]}}],"collection":[{"href":"https:\/\/saltacom.com\/index.php\/wp-json\/wp\/v2\/product"}],"about":[{"href":"https:\/\/saltacom.com\/index.php\/wp-json\/wp\/v2\/types\/product"}],"version-history":[{"count":0,"href":"https:\/\/saltacom.com\/index.php\/wp-json\/wp\/v2\/product\/35201\/revisions"}],"wp:attachment":[{"href":"https:\/\/saltacom.com\/index.php\/wp-json\/wp\/v2\/media?parent=35201"}],"wp:term":[{"taxonomy":"product_brand","embeddable":true,"href":"https:\/\/saltacom.com\/index.php\/wp-json\/wp\/v2\/product_brand?post=35201"},{"taxonomy":"product_cat","embeddable":true,"href":"https:\/\/saltacom.com\/index.php\/wp-json\/wp\/v2\/product_cat?post=35201"},{"taxonomy":"product_tag","embeddable":true,"href":"https:\/\/saltacom.com\/index.php\/wp-json\/wp\/v2\/product_tag?post=35201"}],"curies":[{"name":"wp","href":"https:\/\/api.w.org\/{rel}","templated":true}]}}