{"id":35203,"date":"2026-04-08T01:16:24","date_gmt":"2026-04-08T04:16:24","guid":{"rendered":"https:\/\/saltacom.com\/index.php\/producto\/switch-tp-link-24-puertos-gigabit-2\/"},"modified":"2026-04-09T01:16:13","modified_gmt":"2026-04-09T04:16:13","slug":"switch-tp-link-24-puertos-gigabit-2","status":"publish","type":"product","link":"https:\/\/saltacom.com\/index.php\/producto\/switch-tp-link-24-puertos-gigabit-2\/","title":{"rendered":"SWITCH TP LINK 24 PUERTOS GIGABIT"},"content":{"rendered":"<p>TL-SG1024DSwitch Gigabit 24 puertos montaje en escritorio \/ rack24 puertos 10\/100\/1000 MbpsInnovadora tecnolog\u00eda de eficiencia energ\u00e9tica para ahorrar energ\u00eda hasta un 20%Es compatible con direcci\u00f3n MAC auto-aprendizaje, Auto MDI \/ MDIX y Auto-negociaci\u00f3nPlug &amp; playCAJA X 8u<\/p>\n","protected":false},"excerpt":{"rendered":"<p><strong>Marca:<\/strong> TP LINK<\/p>\n","protected":false},"featured_media":35204,"template":"","meta":[],"product_brand":[],"product_cat":[155,158],"product_tag":[],"class_list":{"0":"post-35203","1":"product","2":"type-product","3":"status-publish","4":"has-post-thumbnail","6":"product_cat-msn","7":"product_cat-tp-link","9":"first","10":"onbackorder","11":"shipping-taxable","12":"purchasable","13":"product-type-simple"},"_links":{"self":[{"href":"https:\/\/saltacom.com\/index.php\/wp-json\/wp\/v2\/product\/35203","targetHints":{"allow":["GET"]}}],"collection":[{"href":"https:\/\/saltacom.com\/index.php\/wp-json\/wp\/v2\/product"}],"about":[{"href":"https:\/\/saltacom.com\/index.php\/wp-json\/wp\/v2\/types\/product"}],"version-history":[{"count":1,"href":"https:\/\/saltacom.com\/index.php\/wp-json\/wp\/v2\/product\/35203\/revisions"}],"predecessor-version":[{"id":35216,"href":"https:\/\/saltacom.com\/index.php\/wp-json\/wp\/v2\/product\/35203\/revisions\/35216"}],"wp:featuredmedia":[{"embeddable":true,"href":"https:\/\/saltacom.com\/index.php\/wp-json\/wp\/v2\/media\/35204"}],"wp:attachment":[{"href":"https:\/\/saltacom.com\/index.php\/wp-json\/wp\/v2\/media?parent=35203"}],"wp:term":[{"taxonomy":"product_brand","embeddable":true,"href":"https:\/\/saltacom.com\/index.php\/wp-json\/wp\/v2\/product_brand?post=35203"},{"taxonomy":"product_cat","embeddable":true,"href":"https:\/\/saltacom.com\/index.php\/wp-json\/wp\/v2\/product_cat?post=35203"},{"taxonomy":"product_tag","embeddable":true,"href":"https:\/\/saltacom.com\/index.php\/wp-json\/wp\/v2\/product_tag?post=35203"}],"curies":[{"name":"wp","href":"https:\/\/api.w.org\/{rel}","templated":true}]}}