{"id":35260,"date":"2026-04-09T17:53:08","date_gmt":"2026-04-09T20:53:08","guid":{"rendered":"https:\/\/saltacom.com\/index.php\/producto\/gabinete-corsair-2500x-tg-mid-tower-dual-chamber-white-4979\/"},"modified":"2026-04-10T02:19:07","modified_gmt":"2026-04-10T05:19:07","slug":"gabinete-corsair-2500x-tg-mid-tower-dual-chamber-white-4979","status":"publish","type":"product","link":"https:\/\/saltacom.com\/index.php\/producto\/gabinete-corsair-2500x-tg-mid-tower-dual-chamber-white-4979\/","title":{"rendered":"Gabinete Corsair 2500X TG Mid-Tower Dual Chamber White (4979)"},"content":{"rendered":"<p>Dos c\u00e1maras para un aspecto estilizado<\/p>\n<p>Muchas opciones de personalizaci\u00f3n<\/p>\n<p>Compatibilidad con placas base mATX y mITX de conector inverso<\/p>\n<p>Amplia flexibilidad de refrigeraci\u00f3n<\/p>\n<p>M\u00e1s informaci\u00f3n:\u00a0CC-9011266-WW<\/p>\n","protected":false},"excerpt":{"rendered":"<p>Dos c\u00e1maras para un aspecto estilizado Muchas opciones de personalizaci\u00f3n Compatibilidad con placas base mATX y mITX de conector inverso Amplia flexibilidad de refrigeraci\u00f3n M\u00e1s informaci\u00f3n:\u00a0CC-9011266-WW<\/p>\n","protected":false},"featured_media":35261,"template":"","meta":[],"product_brand":[],"product_cat":[100,130],"product_tag":[],"class_list":{"0":"post-35260","1":"product","2":"type-product","3":"status-publish","4":"has-post-thumbnail","6":"product_cat-gabinete","7":"product_cat-pv","9":"first","10":"instock","11":"shipping-taxable","12":"purchasable","13":"product-type-simple"},"_links":{"self":[{"href":"https:\/\/saltacom.com\/index.php\/wp-json\/wp\/v2\/product\/35260","targetHints":{"allow":["GET"]}}],"collection":[{"href":"https:\/\/saltacom.com\/index.php\/wp-json\/wp\/v2\/product"}],"about":[{"href":"https:\/\/saltacom.com\/index.php\/wp-json\/wp\/v2\/types\/product"}],"version-history":[{"count":1,"href":"https:\/\/saltacom.com\/index.php\/wp-json\/wp\/v2\/product\/35260\/revisions"}],"predecessor-version":[{"id":35387,"href":"https:\/\/saltacom.com\/index.php\/wp-json\/wp\/v2\/product\/35260\/revisions\/35387"}],"wp:featuredmedia":[{"embeddable":true,"href":"https:\/\/saltacom.com\/index.php\/wp-json\/wp\/v2\/media\/35261"}],"wp:attachment":[{"href":"https:\/\/saltacom.com\/index.php\/wp-json\/wp\/v2\/media?parent=35260"}],"wp:term":[{"taxonomy":"product_brand","embeddable":true,"href":"https:\/\/saltacom.com\/index.php\/wp-json\/wp\/v2\/product_brand?post=35260"},{"taxonomy":"product_cat","embeddable":true,"href":"https:\/\/saltacom.com\/index.php\/wp-json\/wp\/v2\/product_cat?post=35260"},{"taxonomy":"product_tag","embeddable":true,"href":"https:\/\/saltacom.com\/index.php\/wp-json\/wp\/v2\/product_tag?post=35260"}],"curies":[{"name":"wp","href":"https:\/\/api.w.org\/{rel}","templated":true}]}}