{"id":35266,"date":"2026-04-09T17:53:22","date_gmt":"2026-04-09T20:53:22","guid":{"rendered":"https:\/\/saltacom.com\/index.php\/producto\/water-cooling-msi-mag-coreliquid-e360-3x-cpu-cooler-360mm-black-5735\/"},"modified":"2026-04-23T11:19:17","modified_gmt":"2026-04-23T14:19:17","slug":"water-cooling-msi-mag-coreliquid-e360-3x-cpu-cooler-360mm-black-5735","status":"publish","type":"product","link":"https:\/\/saltacom.com\/index.php\/producto\/water-cooling-msi-mag-coreliquid-e360-3x-cpu-cooler-360mm-black-5735\/","title":{"rendered":"Water Cooling MSI MAG CORELIQUID E360 3x CPU Cooler 360mm Black (5735)"},"content":{"rendered":"<p>La superficie de la base de cobre agrandada ayuda a lograr un intercambio de calor \u00f3ptimo con la \u00faltima generaci\u00f3n de CPU.<\/p>\n<p>Maximiza los microcanales para disipar el calor de manera eficiente.<\/p>\n<p>Tapa del bloque de agua giratoria 270 grados.<\/p>\n<p>El ventilador ARGB puede cambiar la iluminaci\u00f3n mediante MSI Center.<\/p>\n<p>M\u00e1s informaci\u00f3n:\u00a0MAG CORELIQUID E360<\/p>\n","protected":false},"excerpt":{"rendered":"<p>La superficie de la base de cobre agrandada ayuda a lograr un intercambio de calor \u00f3ptimo con la \u00faltima generaci\u00f3n de CPU. Maximiza los microcanales para disipar el calor de manera eficiente.\u2026<\/p>\n","protected":false},"featured_media":35267,"template":"","meta":[],"product_brand":[],"product_cat":[91,130,141],"product_tag":[],"class_list":{"0":"post-35266","1":"product","2":"type-product","3":"status-publish","4":"has-post-thumbnail","6":"product_cat-cooler","7":"product_cat-pv","8":"product_cat-refrigeracion-liquida","10":"first","11":"instock","12":"shipping-taxable","13":"purchasable","14":"product-type-simple"},"_links":{"self":[{"href":"https:\/\/saltacom.com\/index.php\/wp-json\/wp\/v2\/product\/35266","targetHints":{"allow":["GET"]}}],"collection":[{"href":"https:\/\/saltacom.com\/index.php\/wp-json\/wp\/v2\/product"}],"about":[{"href":"https:\/\/saltacom.com\/index.php\/wp-json\/wp\/v2\/types\/product"}],"version-history":[{"count":1,"href":"https:\/\/saltacom.com\/index.php\/wp-json\/wp\/v2\/product\/35266\/revisions"}],"predecessor-version":[{"id":35389,"href":"https:\/\/saltacom.com\/index.php\/wp-json\/wp\/v2\/product\/35266\/revisions\/35389"}],"wp:featuredmedia":[{"embeddable":true,"href":"https:\/\/saltacom.com\/index.php\/wp-json\/wp\/v2\/media\/35267"}],"wp:attachment":[{"href":"https:\/\/saltacom.com\/index.php\/wp-json\/wp\/v2\/media?parent=35266"}],"wp:term":[{"taxonomy":"product_brand","embeddable":true,"href":"https:\/\/saltacom.com\/index.php\/wp-json\/wp\/v2\/product_brand?post=35266"},{"taxonomy":"product_cat","embeddable":true,"href":"https:\/\/saltacom.com\/index.php\/wp-json\/wp\/v2\/product_cat?post=35266"},{"taxonomy":"product_tag","embeddable":true,"href":"https:\/\/saltacom.com\/index.php\/wp-json\/wp\/v2\/product_tag?post=35266"}],"curies":[{"name":"wp","href":"https:\/\/api.w.org\/{rel}","templated":true}]}}