{"id":35268,"date":"2026-04-09T17:53:29","date_gmt":"2026-04-09T20:53:29","guid":{"rendered":"https:\/\/saltacom.com\/index.php\/producto\/gabinete-tt-the-tower-300-mid-tower-tg-x3-fan-x2-black-1051\/"},"modified":"2026-04-10T10:19:10","modified_gmt":"2026-04-10T13:19:10","slug":"gabinete-tt-the-tower-300-mid-tower-tg-x3-fan-x2-black-1051","status":"publish","type":"product","link":"https:\/\/saltacom.com\/index.php\/producto\/gabinete-tt-the-tower-300-mid-tower-tg-x3-fan-x2-black-1051\/","title":{"rendered":"Gabinete TT The Tower 300 Mid-Tower TG x3 Fan x2 Black (1051)"},"content":{"rendered":"<p>El Tower 300 es una caja m-ATX con un dise\u00f1o cl\u00e1sico de caja vertical y viene en forma de prisma octogonal.<br \/>\nM\u00e1s informaci\u00f3n:\u00a0CA-1Y4-00S1WN-00<\/p>\n","protected":false},"excerpt":{"rendered":"<p>El Tower 300 es una caja m-ATX con un dise\u00f1o cl\u00e1sico de caja vertical y viene en forma de prisma octogonal. M\u00e1s informaci\u00f3n:\u00a0CA-1Y4-00S1WN-00<\/p>\n","protected":false},"featured_media":35269,"template":"","meta":[],"product_brand":[],"product_cat":[100,130],"product_tag":[],"class_list":{"0":"post-35268","1":"product","2":"type-product","3":"status-publish","4":"has-post-thumbnail","6":"product_cat-gabinete","7":"product_cat-pv","9":"first","10":"instock","11":"shipping-taxable","12":"purchasable","13":"product-type-simple"},"_links":{"self":[{"href":"https:\/\/saltacom.com\/index.php\/wp-json\/wp\/v2\/product\/35268","targetHints":{"allow":["GET"]}}],"collection":[{"href":"https:\/\/saltacom.com\/index.php\/wp-json\/wp\/v2\/product"}],"about":[{"href":"https:\/\/saltacom.com\/index.php\/wp-json\/wp\/v2\/types\/product"}],"version-history":[{"count":1,"href":"https:\/\/saltacom.com\/index.php\/wp-json\/wp\/v2\/product\/35268\/revisions"}],"predecessor-version":[{"id":35390,"href":"https:\/\/saltacom.com\/index.php\/wp-json\/wp\/v2\/product\/35268\/revisions\/35390"}],"wp:featuredmedia":[{"embeddable":true,"href":"https:\/\/saltacom.com\/index.php\/wp-json\/wp\/v2\/media\/35269"}],"wp:attachment":[{"href":"https:\/\/saltacom.com\/index.php\/wp-json\/wp\/v2\/media?parent=35268"}],"wp:term":[{"taxonomy":"product_brand","embeddable":true,"href":"https:\/\/saltacom.com\/index.php\/wp-json\/wp\/v2\/product_brand?post=35268"},{"taxonomy":"product_cat","embeddable":true,"href":"https:\/\/saltacom.com\/index.php\/wp-json\/wp\/v2\/product_cat?post=35268"},{"taxonomy":"product_tag","embeddable":true,"href":"https:\/\/saltacom.com\/index.php\/wp-json\/wp\/v2\/product_tag?post=35268"}],"curies":[{"name":"wp","href":"https:\/\/api.w.org\/{rel}","templated":true}]}}