{"id":35270,"date":"2026-04-09T17:53:31","date_gmt":"2026-04-09T20:53:31","guid":{"rendered":"https:\/\/saltacom.com\/index.php\/producto\/gabinete-tt-the-tower-300-mid-tower-tg-x3-fan-x2-snow-white-1068\/"},"modified":"2026-04-10T08:19:12","modified_gmt":"2026-04-10T11:19:12","slug":"gabinete-tt-the-tower-300-mid-tower-tg-x3-fan-x2-snow-white-1068","status":"publish","type":"product","link":"https:\/\/saltacom.com\/index.php\/producto\/gabinete-tt-the-tower-300-mid-tower-tg-x3-fan-x2-snow-white-1068\/","title":{"rendered":"Gabinete TT The Tower 300 Mid-Tower TG x3 Fan x2 Snow White (1068)"},"content":{"rendered":"<p>El Tower 300 Snow es una caja m-ATX con un dise\u00f1o cl\u00e1sico de caja vertical y viene en forma de prisma octogonal.<br \/>\nM\u00e1s informaci\u00f3n:\u00a0CA-1Y4-00S6WN-00<\/p>\n","protected":false},"excerpt":{"rendered":"<p>El Tower 300 Snow es una caja m-ATX con un dise\u00f1o cl\u00e1sico de caja vertical y viene en forma de prisma octogonal. M\u00e1s informaci\u00f3n:\u00a0CA-1Y4-00S6WN-00<\/p>\n","protected":false},"featured_media":35271,"template":"","meta":[],"product_brand":[],"product_cat":[100,130],"product_tag":[],"class_list":{"0":"post-35270","1":"product","2":"type-product","3":"status-publish","4":"has-post-thumbnail","6":"product_cat-gabinete","7":"product_cat-pv","9":"first","10":"instock","11":"shipping-taxable","12":"purchasable","13":"product-type-simple"},"_links":{"self":[{"href":"https:\/\/saltacom.com\/index.php\/wp-json\/wp\/v2\/product\/35270","targetHints":{"allow":["GET"]}}],"collection":[{"href":"https:\/\/saltacom.com\/index.php\/wp-json\/wp\/v2\/product"}],"about":[{"href":"https:\/\/saltacom.com\/index.php\/wp-json\/wp\/v2\/types\/product"}],"version-history":[{"count":1,"href":"https:\/\/saltacom.com\/index.php\/wp-json\/wp\/v2\/product\/35270\/revisions"}],"predecessor-version":[{"id":35391,"href":"https:\/\/saltacom.com\/index.php\/wp-json\/wp\/v2\/product\/35270\/revisions\/35391"}],"wp:featuredmedia":[{"embeddable":true,"href":"https:\/\/saltacom.com\/index.php\/wp-json\/wp\/v2\/media\/35271"}],"wp:attachment":[{"href":"https:\/\/saltacom.com\/index.php\/wp-json\/wp\/v2\/media?parent=35270"}],"wp:term":[{"taxonomy":"product_brand","embeddable":true,"href":"https:\/\/saltacom.com\/index.php\/wp-json\/wp\/v2\/product_brand?post=35270"},{"taxonomy":"product_cat","embeddable":true,"href":"https:\/\/saltacom.com\/index.php\/wp-json\/wp\/v2\/product_cat?post=35270"},{"taxonomy":"product_tag","embeddable":true,"href":"https:\/\/saltacom.com\/index.php\/wp-json\/wp\/v2\/product_tag?post=35270"}],"curies":[{"name":"wp","href":"https:\/\/api.w.org\/{rel}","templated":true}]}}