{"id":35272,"date":"2026-04-09T17:53:34","date_gmt":"2026-04-09T20:53:34","guid":{"rendered":"https:\/\/saltacom.com\/index.php\/producto\/gabinete-tt-view-270-plus-mid-tower-tg-x2-fan-argb-x3-matcha-green-4205\/"},"modified":"2026-04-10T06:19:14","modified_gmt":"2026-04-10T09:19:14","slug":"gabinete-tt-view-270-plus-mid-tower-tg-x2-fan-argb-x3-matcha-green-4205","status":"publish","type":"product","link":"https:\/\/saltacom.com\/index.php\/producto\/gabinete-tt-view-270-plus-mid-tower-tg-x2-fan-argb-x3-matcha-green-4205\/","title":{"rendered":"Gabinete TT View 270 Plus Mid-Tower TG x2 Fan ARGB x3 Matcha Green (4205)"},"content":{"rendered":"<p>Dise\u00f1ado para una visualizaci\u00f3n incre\u00edble, el chasis de torre media View 270 TG ARGB Plus Hydrangea Blue es una caja ATX que cuenta con paneles frontal e izquierdo de vidrio templado y viene con tres ventiladores ARGB Lite de 120 mm con cojinete hidr\u00e1ulico preinstalados.<br \/>\nM\u00e1s informaci\u00f3n:\u00a0CA-1Y7-00MEWN-01<\/p>\n","protected":false},"excerpt":{"rendered":"<p>Dise\u00f1ado para una visualizaci\u00f3n incre\u00edble, el chasis de torre media View 270 TG ARGB Plus Hydrangea Blue es una caja ATX que cuenta con paneles frontal e izquierdo de vidrio templado y\u2026<\/p>\n","protected":false},"featured_media":35273,"template":"","meta":[],"product_brand":[],"product_cat":[100,130],"product_tag":[],"class_list":{"0":"post-35272","1":"product","2":"type-product","3":"status-publish","4":"has-post-thumbnail","6":"product_cat-gabinete","7":"product_cat-pv","9":"first","10":"instock","11":"shipping-taxable","12":"purchasable","13":"product-type-simple"},"_links":{"self":[{"href":"https:\/\/saltacom.com\/index.php\/wp-json\/wp\/v2\/product\/35272","targetHints":{"allow":["GET"]}}],"collection":[{"href":"https:\/\/saltacom.com\/index.php\/wp-json\/wp\/v2\/product"}],"about":[{"href":"https:\/\/saltacom.com\/index.php\/wp-json\/wp\/v2\/types\/product"}],"version-history":[{"count":1,"href":"https:\/\/saltacom.com\/index.php\/wp-json\/wp\/v2\/product\/35272\/revisions"}],"predecessor-version":[{"id":35392,"href":"https:\/\/saltacom.com\/index.php\/wp-json\/wp\/v2\/product\/35272\/revisions\/35392"}],"wp:featuredmedia":[{"embeddable":true,"href":"https:\/\/saltacom.com\/index.php\/wp-json\/wp\/v2\/media\/35273"}],"wp:attachment":[{"href":"https:\/\/saltacom.com\/index.php\/wp-json\/wp\/v2\/media?parent=35272"}],"wp:term":[{"taxonomy":"product_brand","embeddable":true,"href":"https:\/\/saltacom.com\/index.php\/wp-json\/wp\/v2\/product_brand?post=35272"},{"taxonomy":"product_cat","embeddable":true,"href":"https:\/\/saltacom.com\/index.php\/wp-json\/wp\/v2\/product_cat?post=35272"},{"taxonomy":"product_tag","embeddable":true,"href":"https:\/\/saltacom.com\/index.php\/wp-json\/wp\/v2\/product_tag?post=35272"}],"curies":[{"name":"wp","href":"https:\/\/api.w.org\/{rel}","templated":true}]}}