{"id":35280,"date":"2026-04-09T17:53:51","date_gmt":"2026-04-09T20:53:51","guid":{"rendered":"https:\/\/saltacom.com\/index.php\/producto\/auricular-corsair-hs80-rgb-wireless-spatial-audio-white-5208\/"},"modified":"2026-04-10T04:19:13","modified_gmt":"2026-04-10T07:19:13","slug":"auricular-corsair-hs80-rgb-wireless-spatial-audio-white-5208","status":"publish","type":"product","link":"https:\/\/saltacom.com\/index.php\/producto\/auricular-corsair-hs80-rgb-wireless-spatial-audio-white-5208\/","title":{"rendered":"Auricular Corsair HS80 RGB Wireless Spatial Audio White (5208)"},"content":{"rendered":"<p>Los auriculares para juegos CORSAIR HS80 RGB WIRELESS se conectan mediante la tecnolog\u00eda hiperr\u00e1pida SLIPSTREAM WIRELESS y ofrecen un sonido incre\u00edblemente detallado a trav\u00e9s de los transductores de audio de neodimio de 50 mm, con ajuste personalizado y Dolby Atmos inmersivo.<br \/>\nM\u00e1s informaci\u00f3n:\u00a0CA-9011236-NA<\/p>\n","protected":false},"excerpt":{"rendered":"<p>Los auriculares para juegos CORSAIR HS80 RGB WIRELESS se conectan mediante la tecnolog\u00eda hiperr\u00e1pida SLIPSTREAM WIRELESS y ofrecen un sonido incre\u00edblemente detallado a trav\u00e9s de los transductores de audio de neodimio de\u2026<\/p>\n","protected":false},"featured_media":35281,"template":"","meta":[],"product_brand":[],"product_cat":[81,130],"product_tag":[],"class_list":{"0":"post-35280","1":"product","2":"type-product","3":"status-publish","4":"has-post-thumbnail","6":"product_cat-auricular","7":"product_cat-pv","9":"first","10":"instock","11":"shipping-taxable","12":"purchasable","13":"product-type-simple"},"_links":{"self":[{"href":"https:\/\/saltacom.com\/index.php\/wp-json\/wp\/v2\/product\/35280","targetHints":{"allow":["GET"]}}],"collection":[{"href":"https:\/\/saltacom.com\/index.php\/wp-json\/wp\/v2\/product"}],"about":[{"href":"https:\/\/saltacom.com\/index.php\/wp-json\/wp\/v2\/types\/product"}],"version-history":[{"count":1,"href":"https:\/\/saltacom.com\/index.php\/wp-json\/wp\/v2\/product\/35280\/revisions"}],"predecessor-version":[{"id":35396,"href":"https:\/\/saltacom.com\/index.php\/wp-json\/wp\/v2\/product\/35280\/revisions\/35396"}],"wp:featuredmedia":[{"embeddable":true,"href":"https:\/\/saltacom.com\/index.php\/wp-json\/wp\/v2\/media\/35281"}],"wp:attachment":[{"href":"https:\/\/saltacom.com\/index.php\/wp-json\/wp\/v2\/media?parent=35280"}],"wp:term":[{"taxonomy":"product_brand","embeddable":true,"href":"https:\/\/saltacom.com\/index.php\/wp-json\/wp\/v2\/product_brand?post=35280"},{"taxonomy":"product_cat","embeddable":true,"href":"https:\/\/saltacom.com\/index.php\/wp-json\/wp\/v2\/product_cat?post=35280"},{"taxonomy":"product_tag","embeddable":true,"href":"https:\/\/saltacom.com\/index.php\/wp-json\/wp\/v2\/product_tag?post=35280"}],"curies":[{"name":"wp","href":"https:\/\/api.w.org\/{rel}","templated":true}]}}