{"id":35282,"date":"2026-04-09T17:53:54","date_gmt":"2026-04-09T20:53:54","guid":{"rendered":"https:\/\/saltacom.com\/index.php\/producto\/microfono-razer-seiren-v3-chroma-rgb-usb-white-edition-0472\/"},"modified":"2026-04-10T04:19:14","modified_gmt":"2026-04-10T07:19:14","slug":"microfono-razer-seiren-v3-chroma-rgb-usb-white-edition-0472","status":"publish","type":"product","link":"https:\/\/saltacom.com\/index.php\/producto\/microfono-razer-seiren-v3-chroma-rgb-usb-white-edition-0472\/","title":{"rendered":"Microfono Razer Seiren V3 Chroma RGB USB White Edition (0472)"},"content":{"rendered":"<p>Micr\u00f3fono USB RGB con funci\u00f3n de silenciamiento mediante un toque.<br \/>\nM\u00e1s informaci\u00f3n:\u00a0RZ19-05060200-R3U1<\/p>\n","protected":false},"excerpt":{"rendered":"<p>Micr\u00f3fono USB RGB con funci\u00f3n de silenciamiento mediante un toque. M\u00e1s informaci\u00f3n:\u00a0RZ19-05060200-R3U1<\/p>\n","protected":false},"featured_media":35283,"template":"","meta":[],"product_brand":[],"product_cat":[107,130],"product_tag":[],"class_list":{"0":"post-35282","1":"product","2":"type-product","3":"status-publish","4":"has-post-thumbnail","6":"product_cat-microfono","7":"product_cat-pv","9":"first","10":"instock","11":"shipping-taxable","12":"purchasable","13":"product-type-simple"},"_links":{"self":[{"href":"https:\/\/saltacom.com\/index.php\/wp-json\/wp\/v2\/product\/35282","targetHints":{"allow":["GET"]}}],"collection":[{"href":"https:\/\/saltacom.com\/index.php\/wp-json\/wp\/v2\/product"}],"about":[{"href":"https:\/\/saltacom.com\/index.php\/wp-json\/wp\/v2\/types\/product"}],"version-history":[{"count":1,"href":"https:\/\/saltacom.com\/index.php\/wp-json\/wp\/v2\/product\/35282\/revisions"}],"predecessor-version":[{"id":35397,"href":"https:\/\/saltacom.com\/index.php\/wp-json\/wp\/v2\/product\/35282\/revisions\/35397"}],"wp:featuredmedia":[{"embeddable":true,"href":"https:\/\/saltacom.com\/index.php\/wp-json\/wp\/v2\/media\/35283"}],"wp:attachment":[{"href":"https:\/\/saltacom.com\/index.php\/wp-json\/wp\/v2\/media?parent=35282"}],"wp:term":[{"taxonomy":"product_brand","embeddable":true,"href":"https:\/\/saltacom.com\/index.php\/wp-json\/wp\/v2\/product_brand?post=35282"},{"taxonomy":"product_cat","embeddable":true,"href":"https:\/\/saltacom.com\/index.php\/wp-json\/wp\/v2\/product_cat?post=35282"},{"taxonomy":"product_tag","embeddable":true,"href":"https:\/\/saltacom.com\/index.php\/wp-json\/wp\/v2\/product_tag?post=35282"}],"curies":[{"name":"wp","href":"https:\/\/api.w.org\/{rel}","templated":true}]}}