{"id":35294,"date":"2026-04-09T17:54:09","date_gmt":"2026-04-09T20:54:09","guid":{"rendered":"https:\/\/saltacom.com\/index.php\/producto\/gabinete-tt-cte-e660-mx-mid-tower-tg-x2-black-4403\/"},"modified":"2026-04-10T04:19:16","modified_gmt":"2026-04-10T07:19:16","slug":"gabinete-tt-cte-e660-mx-mid-tower-tg-x2-black-4403","status":"publish","type":"product","link":"https:\/\/saltacom.com\/index.php\/producto\/gabinete-tt-cte-e660-mx-mid-tower-tg-x2-black-4403\/","title":{"rendered":"Gabinete TT CTE E660 MX Mid-Tower TG x2 Black (4403)"},"content":{"rendered":"<p>El CTE E660 MX es un chasis de media torre de doble c\u00e1mara que admite placas base ASUS y MSI Hidden-Connector, adem\u00e1s cuenta con una opci\u00f3n de instalaci\u00f3n de GPU de tres v\u00edas y viene con un dise\u00f1o de panel frontal doble intercambiable que brinda a los usuarios la m\u00e1xima flexibilidad para personalizar su configuraci\u00f3n.<br \/>\nM\u00e1s informaci\u00f3n:\u00a0CA-1Y3-00M1WN-01<\/p>\n","protected":false},"excerpt":{"rendered":"<p>El CTE E660 MX es un chasis de media torre de doble c\u00e1mara que admite placas base ASUS y MSI Hidden-Connector, adem\u00e1s cuenta con una opci\u00f3n de instalaci\u00f3n de GPU de tres\u2026<\/p>\n","protected":false},"featured_media":35295,"template":"","meta":[],"product_brand":[],"product_cat":[100,130],"product_tag":[],"class_list":{"0":"post-35294","1":"product","2":"type-product","3":"status-publish","4":"has-post-thumbnail","6":"product_cat-gabinete","7":"product_cat-pv","9":"first","10":"instock","11":"shipping-taxable","12":"purchasable","13":"product-type-simple"},"_links":{"self":[{"href":"https:\/\/saltacom.com\/index.php\/wp-json\/wp\/v2\/product\/35294","targetHints":{"allow":["GET"]}}],"collection":[{"href":"https:\/\/saltacom.com\/index.php\/wp-json\/wp\/v2\/product"}],"about":[{"href":"https:\/\/saltacom.com\/index.php\/wp-json\/wp\/v2\/types\/product"}],"version-history":[{"count":1,"href":"https:\/\/saltacom.com\/index.php\/wp-json\/wp\/v2\/product\/35294\/revisions"}],"predecessor-version":[{"id":35403,"href":"https:\/\/saltacom.com\/index.php\/wp-json\/wp\/v2\/product\/35294\/revisions\/35403"}],"wp:featuredmedia":[{"embeddable":true,"href":"https:\/\/saltacom.com\/index.php\/wp-json\/wp\/v2\/media\/35295"}],"wp:attachment":[{"href":"https:\/\/saltacom.com\/index.php\/wp-json\/wp\/v2\/media?parent=35294"}],"wp:term":[{"taxonomy":"product_brand","embeddable":true,"href":"https:\/\/saltacom.com\/index.php\/wp-json\/wp\/v2\/product_brand?post=35294"},{"taxonomy":"product_cat","embeddable":true,"href":"https:\/\/saltacom.com\/index.php\/wp-json\/wp\/v2\/product_cat?post=35294"},{"taxonomy":"product_tag","embeddable":true,"href":"https:\/\/saltacom.com\/index.php\/wp-json\/wp\/v2\/product_tag?post=35294"}],"curies":[{"name":"wp","href":"https:\/\/api.w.org\/{rel}","templated":true}]}}