{"id":35306,"date":"2026-04-09T18:00:06","date_gmt":"2026-04-09T21:00:06","guid":{"rendered":"https:\/\/saltacom.com\/index.php\/producto\/vga-gigabyte-radeon-rx-9070-gaming-oc-16g-5531\/"},"modified":"2026-04-10T14:19:13","modified_gmt":"2026-04-10T17:19:13","slug":"vga-gigabyte-radeon-rx-9070-gaming-oc-16g-5531","status":"publish","type":"product","link":"https:\/\/saltacom.com\/index.php\/producto\/vga-gigabyte-radeon-rx-9070-gaming-oc-16g-5531\/","title":{"rendered":"VGA Gigabyte Radeon RX 9070 GAMING OC 16G (5531)"},"content":{"rendered":"<p>Desarrollado con Radeon&trade; RX 9070.<\/p>\n<p>Integrado con interfaz de memoria GDDR6 de 256 bits y 16 GB.<\/p>\n<p>Sistema de refrigeraci\u00f3n WINDFORCE.<\/p>\n<p>Iluminaci\u00f3n RGB.<\/p>\n<p>M\u00e1s informaci\u00f3n:\u00a0GV-R9070GAMING OC-16GD<\/p>\n","protected":false},"excerpt":{"rendered":"<p>Desarrollado con Radeon&trade; RX 9070. Integrado con interfaz de memoria GDDR6 de 256 bits y 16 GB. Sistema de refrigeraci\u00f3n WINDFORCE. Iluminaci\u00f3n RGB. M\u00e1s informaci\u00f3n:\u00a0GV-R9070GAMING OC-16GD<\/p>\n","protected":false},"featured_media":35307,"template":"","meta":[],"product_brand":[],"product_cat":[126,130],"product_tag":[],"class_list":{"0":"post-35306","1":"product","2":"type-product","3":"status-publish","4":"has-post-thumbnail","6":"product_cat-placa-de-video","7":"product_cat-pv","9":"first","10":"instock","11":"shipping-taxable","12":"purchasable","13":"product-type-simple"},"_links":{"self":[{"href":"https:\/\/saltacom.com\/index.php\/wp-json\/wp\/v2\/product\/35306","targetHints":{"allow":["GET"]}}],"collection":[{"href":"https:\/\/saltacom.com\/index.php\/wp-json\/wp\/v2\/product"}],"about":[{"href":"https:\/\/saltacom.com\/index.php\/wp-json\/wp\/v2\/types\/product"}],"version-history":[{"count":1,"href":"https:\/\/saltacom.com\/index.php\/wp-json\/wp\/v2\/product\/35306\/revisions"}],"predecessor-version":[{"id":35408,"href":"https:\/\/saltacom.com\/index.php\/wp-json\/wp\/v2\/product\/35306\/revisions\/35408"}],"wp:featuredmedia":[{"embeddable":true,"href":"https:\/\/saltacom.com\/index.php\/wp-json\/wp\/v2\/media\/35307"}],"wp:attachment":[{"href":"https:\/\/saltacom.com\/index.php\/wp-json\/wp\/v2\/media?parent=35306"}],"wp:term":[{"taxonomy":"product_brand","embeddable":true,"href":"https:\/\/saltacom.com\/index.php\/wp-json\/wp\/v2\/product_brand?post=35306"},{"taxonomy":"product_cat","embeddable":true,"href":"https:\/\/saltacom.com\/index.php\/wp-json\/wp\/v2\/product_cat?post=35306"},{"taxonomy":"product_tag","embeddable":true,"href":"https:\/\/saltacom.com\/index.php\/wp-json\/wp\/v2\/product_tag?post=35306"}],"curies":[{"name":"wp","href":"https:\/\/api.w.org\/{rel}","templated":true}]}}