{"id":35308,"date":"2026-04-09T18:00:08","date_gmt":"2026-04-09T21:00:08","guid":{"rendered":"https:\/\/saltacom.com\/index.php\/producto\/mother-msi-pro-b850-p-wifi-ddr5-am5-serie-7000-8000-9000-6046\/"},"modified":"2026-04-10T12:19:12","modified_gmt":"2026-04-10T15:19:12","slug":"mother-msi-pro-b850-p-wifi-ddr5-am5-serie-7000-8000-9000-6046","status":"publish","type":"product","link":"https:\/\/saltacom.com\/index.php\/producto\/mother-msi-pro-b850-p-wifi-ddr5-am5-serie-7000-8000-9000-6046\/","title":{"rendered":"Mother MSI PRO B850-P WIFI DDR5 AM5 (Serie 7000\/8000\/9000) (6046)"},"content":{"rendered":"<p>La PRO B850-P WIFI ofrece un dise\u00f1o sencillo con un elegante esquema de color plateado que combina a la perfecci\u00f3n tanto con PCs blancos como negros. Est\u00e1 dise\u00f1ado con muchas caracter\u00edsticas exclusivas de MSI, un verdadero Wi-Fi 7 con EZ Antenna, 5G LAN, PCIe 5.0 M.2 con EZ M.2 Shield Frozr II, y Supplemental PCIe Power.<br \/>\nM\u00e1s informaci\u00f3n:\u00a0PRO B850-P WIFI<\/p>\n","protected":false},"excerpt":{"rendered":"<p>La PRO B850-P WIFI ofrece un dise\u00f1o sencillo con un elegante esquema de color plateado que combina a la perfecci\u00f3n tanto con PCs blancos como negros. Est\u00e1 dise\u00f1ado con muchas caracter\u00edsticas exclusivas\u2026<\/p>\n","protected":false},"featured_media":35309,"template":"","meta":[],"product_brand":[],"product_cat":[130],"product_tag":[],"class_list":{"0":"post-35308","1":"product","2":"type-product","3":"status-publish","4":"has-post-thumbnail","6":"product_cat-pv","8":"first","9":"instock","10":"shipping-taxable","11":"purchasable","12":"product-type-simple"},"_links":{"self":[{"href":"https:\/\/saltacom.com\/index.php\/wp-json\/wp\/v2\/product\/35308","targetHints":{"allow":["GET"]}}],"collection":[{"href":"https:\/\/saltacom.com\/index.php\/wp-json\/wp\/v2\/product"}],"about":[{"href":"https:\/\/saltacom.com\/index.php\/wp-json\/wp\/v2\/types\/product"}],"version-history":[{"count":1,"href":"https:\/\/saltacom.com\/index.php\/wp-json\/wp\/v2\/product\/35308\/revisions"}],"predecessor-version":[{"id":35409,"href":"https:\/\/saltacom.com\/index.php\/wp-json\/wp\/v2\/product\/35308\/revisions\/35409"}],"wp:featuredmedia":[{"embeddable":true,"href":"https:\/\/saltacom.com\/index.php\/wp-json\/wp\/v2\/media\/35309"}],"wp:attachment":[{"href":"https:\/\/saltacom.com\/index.php\/wp-json\/wp\/v2\/media?parent=35308"}],"wp:term":[{"taxonomy":"product_brand","embeddable":true,"href":"https:\/\/saltacom.com\/index.php\/wp-json\/wp\/v2\/product_brand?post=35308"},{"taxonomy":"product_cat","embeddable":true,"href":"https:\/\/saltacom.com\/index.php\/wp-json\/wp\/v2\/product_cat?post=35308"},{"taxonomy":"product_tag","embeddable":true,"href":"https:\/\/saltacom.com\/index.php\/wp-json\/wp\/v2\/product_tag?post=35308"}],"curies":[{"name":"wp","href":"https:\/\/api.w.org\/{rel}","templated":true}]}}