{"id":35312,"date":"2026-04-09T18:00:11","date_gmt":"2026-04-09T21:00:11","guid":{"rendered":"https:\/\/saltacom.com\/index.php\/producto\/sx3016f-switch-16-puertos-sfp-a-10g-omadano-incluye-sfp-6433\/"},"modified":"2026-04-10T08:19:21","modified_gmt":"2026-04-10T11:19:21","slug":"sx3016f-switch-16-puertos-sfp-a-10g-omadano-incluye-sfp-6433","status":"publish","type":"product","link":"https:\/\/saltacom.com\/index.php\/producto\/sx3016f-switch-16-puertos-sfp-a-10g-omadano-incluye-sfp-6433\/","title":{"rendered":"SX3016F Switch 16 puertos SFP+ a 10G Omada(No incluye SFP) (6433)"},"content":{"rendered":"<p>16 ranuras SFP+ de 10 GE completas: las ranuras SFP+ de 10 Gbps completas ultrarr\u00e1pidas proporcionan conectividad de agregaci\u00f3n de gran ancho de banda y capacidad de conmutaci\u00f3n de 320 Gbps sin bloqueo.<\/p>\n<p>Abundantes funciones L2 y L2+: Admite una l\u00ednea completa de funciones L2 y L2+ que incluyen enrutamiento est\u00e1tico, QoS de nivel empresarial, IGMP Snooping y m\u00e1s.<\/p>\n<p>Estrategias de seguridad s\u00f3lidas: ayuda a proteger la inversi\u00f3n en el \u00e1rea LAN con IP-MAC-Port Binding integrado, ACL, Port Security, 802.1X Authentication y m\u00e1s.<\/p>\n<p>Fuentes de alimentaci\u00f3n redundantes duales: dos fuentes de alimentaci\u00f3n que se respaldan entre s\u00ed lo convierten en una opci\u00f3n ideal para una arquitectura de red confiable.<\/p>\n<p>M\u00e1s informaci\u00f3n:\u00a0SX3016F<\/p>\n","protected":false},"excerpt":{"rendered":"<p>16 ranuras SFP+ de 10 GE completas: las ranuras SFP+ de 10 Gbps completas ultrarr\u00e1pidas proporcionan conectividad de agregaci\u00f3n de gran ancho de banda y capacidad de conmutaci\u00f3n de 320 Gbps sin\u2026<\/p>\n","protected":false},"featured_media":35313,"template":"","meta":[],"product_brand":[],"product_cat":[130],"product_tag":[],"class_list":{"0":"post-35312","1":"product","2":"type-product","3":"status-publish","4":"has-post-thumbnail","6":"product_cat-pv","8":"first","9":"instock","10":"shipping-taxable","11":"purchasable","12":"product-type-simple"},"_links":{"self":[{"href":"https:\/\/saltacom.com\/index.php\/wp-json\/wp\/v2\/product\/35312","targetHints":{"allow":["GET"]}}],"collection":[{"href":"https:\/\/saltacom.com\/index.php\/wp-json\/wp\/v2\/product"}],"about":[{"href":"https:\/\/saltacom.com\/index.php\/wp-json\/wp\/v2\/types\/product"}],"version-history":[{"count":1,"href":"https:\/\/saltacom.com\/index.php\/wp-json\/wp\/v2\/product\/35312\/revisions"}],"predecessor-version":[{"id":35411,"href":"https:\/\/saltacom.com\/index.php\/wp-json\/wp\/v2\/product\/35312\/revisions\/35411"}],"wp:featuredmedia":[{"embeddable":true,"href":"https:\/\/saltacom.com\/index.php\/wp-json\/wp\/v2\/media\/35313"}],"wp:attachment":[{"href":"https:\/\/saltacom.com\/index.php\/wp-json\/wp\/v2\/media?parent=35312"}],"wp:term":[{"taxonomy":"product_brand","embeddable":true,"href":"https:\/\/saltacom.com\/index.php\/wp-json\/wp\/v2\/product_brand?post=35312"},{"taxonomy":"product_cat","embeddable":true,"href":"https:\/\/saltacom.com\/index.php\/wp-json\/wp\/v2\/product_cat?post=35312"},{"taxonomy":"product_tag","embeddable":true,"href":"https:\/\/saltacom.com\/index.php\/wp-json\/wp\/v2\/product_tag?post=35312"}],"curies":[{"name":"wp","href":"https:\/\/api.w.org\/{rel}","templated":true}]}}