{"id":35314,"date":"2026-04-09T18:00:16","date_gmt":"2026-04-09T21:00:16","guid":{"rendered":"https:\/\/saltacom.com\/index.php\/producto\/auricular-razer-barracuda-x-chroma-wireless-black-0841\/"},"modified":"2026-04-10T06:19:24","modified_gmt":"2026-04-10T09:19:24","slug":"auricular-razer-barracuda-x-chroma-wireless-black-0841","status":"publish","type":"product","link":"https:\/\/saltacom.com\/index.php\/producto\/auricular-razer-barracuda-x-chroma-wireless-black-0841\/","title":{"rendered":"Auricular Razer Barracuda X Chroma Wireless Black (0841)"},"content":{"rendered":"<p>Razer&trade; SmartSwitch Dual Wireless<\/p>\n<p>Dise\u00f1o ergon\u00f3mico de 285 g<\/p>\n<p>Iluminaci\u00f3n en 6 zonas de los auriculares<\/p>\n<p>M\u00e1s informaci\u00f3n:\u00a0RZ04-05220100-R3U1<\/p>\n","protected":false},"excerpt":{"rendered":"<p>Razer&trade; SmartSwitch Dual Wireless Dise\u00f1o ergon\u00f3mico de 285 g Iluminaci\u00f3n en 6 zonas de los auriculares M\u00e1s informaci\u00f3n:\u00a0RZ04-05220100-R3U1<\/p>\n","protected":false},"featured_media":35315,"template":"","meta":[],"product_brand":[],"product_cat":[81,130],"product_tag":[],"class_list":{"0":"post-35314","1":"product","2":"type-product","3":"status-publish","4":"has-post-thumbnail","6":"product_cat-auricular","7":"product_cat-pv","9":"first","10":"instock","11":"shipping-taxable","12":"purchasable","13":"product-type-simple"},"_links":{"self":[{"href":"https:\/\/saltacom.com\/index.php\/wp-json\/wp\/v2\/product\/35314","targetHints":{"allow":["GET"]}}],"collection":[{"href":"https:\/\/saltacom.com\/index.php\/wp-json\/wp\/v2\/product"}],"about":[{"href":"https:\/\/saltacom.com\/index.php\/wp-json\/wp\/v2\/types\/product"}],"version-history":[{"count":1,"href":"https:\/\/saltacom.com\/index.php\/wp-json\/wp\/v2\/product\/35314\/revisions"}],"predecessor-version":[{"id":35412,"href":"https:\/\/saltacom.com\/index.php\/wp-json\/wp\/v2\/product\/35314\/revisions\/35412"}],"wp:featuredmedia":[{"embeddable":true,"href":"https:\/\/saltacom.com\/index.php\/wp-json\/wp\/v2\/media\/35315"}],"wp:attachment":[{"href":"https:\/\/saltacom.com\/index.php\/wp-json\/wp\/v2\/media?parent=35314"}],"wp:term":[{"taxonomy":"product_brand","embeddable":true,"href":"https:\/\/saltacom.com\/index.php\/wp-json\/wp\/v2\/product_brand?post=35314"},{"taxonomy":"product_cat","embeddable":true,"href":"https:\/\/saltacom.com\/index.php\/wp-json\/wp\/v2\/product_cat?post=35314"},{"taxonomy":"product_tag","embeddable":true,"href":"https:\/\/saltacom.com\/index.php\/wp-json\/wp\/v2\/product_tag?post=35314"}],"curies":[{"name":"wp","href":"https:\/\/api.w.org\/{rel}","templated":true}]}}