{"id":35322,"date":"2026-04-09T18:00:25","date_gmt":"2026-04-09T21:00:25","guid":{"rendered":"https:\/\/saltacom.com\/index.php\/producto\/auricular-jbl-endurance-race-2-inalambrico-negro-4284\/"},"modified":"2026-04-10T04:19:20","modified_gmt":"2026-04-10T07:19:20","slug":"auricular-jbl-endurance-race-2-inalambrico-negro-4284","status":"publish","type":"product","link":"https:\/\/saltacom.com\/index.php\/producto\/auricular-jbl-endurance-race-2-inalambrico-negro-4284\/","title":{"rendered":"AURICULAR JBL ENDURANCE RACE 2 INALAMBRICO NEGRO (4284)"},"content":{"rendered":"<p>Con 48 horas de duraci\u00f3n de bater\u00eda y un dise\u00f1o resistente al agua y al polvo con certificaci\u00f3n IP68, est\u00e1n dise\u00f1ados para resistir incluso las condiciones de entrenamiento m\u00e1s exigentes. Su ajuste superior con sellado \u00f3ptimo, estabilidad en los o\u00eddos y comodidad durante todo el d\u00eda te mantendr\u00e1 activo desde la playa hasta la sala de reuniones.<br \/>\nM\u00e1s informaci\u00f3n:\u00a0JBLENDURACE2BLKAM<\/p>\n","protected":false},"excerpt":{"rendered":"<p>Con 48 horas de duraci\u00f3n de bater\u00eda y un dise\u00f1o resistente al agua y al polvo con certificaci\u00f3n IP68, est\u00e1n dise\u00f1ados para resistir incluso las condiciones de entrenamiento m\u00e1s exigentes. Su ajuste\u2026<\/p>\n","protected":false},"featured_media":35323,"template":"","meta":[],"product_brand":[],"product_cat":[81,130],"product_tag":[],"class_list":{"0":"post-35322","1":"product","2":"type-product","3":"status-publish","4":"has-post-thumbnail","6":"product_cat-auricular","7":"product_cat-pv","9":"first","10":"instock","11":"shipping-taxable","12":"purchasable","13":"product-type-simple"},"_links":{"self":[{"href":"https:\/\/saltacom.com\/index.php\/wp-json\/wp\/v2\/product\/35322","targetHints":{"allow":["GET"]}}],"collection":[{"href":"https:\/\/saltacom.com\/index.php\/wp-json\/wp\/v2\/product"}],"about":[{"href":"https:\/\/saltacom.com\/index.php\/wp-json\/wp\/v2\/types\/product"}],"version-history":[{"count":1,"href":"https:\/\/saltacom.com\/index.php\/wp-json\/wp\/v2\/product\/35322\/revisions"}],"predecessor-version":[{"id":35416,"href":"https:\/\/saltacom.com\/index.php\/wp-json\/wp\/v2\/product\/35322\/revisions\/35416"}],"wp:featuredmedia":[{"embeddable":true,"href":"https:\/\/saltacom.com\/index.php\/wp-json\/wp\/v2\/media\/35323"}],"wp:attachment":[{"href":"https:\/\/saltacom.com\/index.php\/wp-json\/wp\/v2\/media?parent=35322"}],"wp:term":[{"taxonomy":"product_brand","embeddable":true,"href":"https:\/\/saltacom.com\/index.php\/wp-json\/wp\/v2\/product_brand?post=35322"},{"taxonomy":"product_cat","embeddable":true,"href":"https:\/\/saltacom.com\/index.php\/wp-json\/wp\/v2\/product_cat?post=35322"},{"taxonomy":"product_tag","embeddable":true,"href":"https:\/\/saltacom.com\/index.php\/wp-json\/wp\/v2\/product_tag?post=35322"}],"curies":[{"name":"wp","href":"https:\/\/api.w.org\/{rel}","templated":true}]}}