{"id":35324,"date":"2026-04-09T18:00:28","date_gmt":"2026-04-09T21:00:28","guid":{"rendered":"https:\/\/saltacom.com\/index.php\/producto\/water-cooling-msi-mag-coreliquid-a15-240-2x-cpu-cooler-240mm-black-7305\/"},"modified":"2026-04-10T06:19:26","modified_gmt":"2026-04-10T09:19:26","slug":"water-cooling-msi-mag-coreliquid-a15-240-2x-cpu-cooler-240mm-black-7305","status":"publish","type":"product","link":"https:\/\/saltacom.com\/index.php\/producto\/water-cooling-msi-mag-coreliquid-a15-240-2x-cpu-cooler-240mm-black-7305\/","title":{"rendered":"Water Cooling MSI MAG CORELIQUID A15 240 2x CPU Cooler 240mm Black (7305)"},"content":{"rendered":"<p>El MAG CORELIQUID A15 presenta un dise\u00f1o audaz de inspiraci\u00f3n militar, con l\u00edneas n\u00edtidas y angulares que irradian fuerza y &#8203;&#8203;precisi\u00f3n. Un refinado acabado de pintura combinado con detalles de aluminio cepillado realza el aspecto premium del disipador.<br \/>\nM\u00e1s informaci\u00f3n:\u00a0MAG CORELIQUID A15 240<\/p>\n","protected":false},"excerpt":{"rendered":"<p>El MAG CORELIQUID A15 presenta un dise\u00f1o audaz de inspiraci\u00f3n militar, con l\u00edneas n\u00edtidas y angulares que irradian fuerza y &#8203;&#8203;precisi\u00f3n. Un refinado acabado de pintura combinado con detalles de aluminio cepillado\u2026<\/p>\n","protected":false},"featured_media":35325,"template":"","meta":[],"product_brand":[],"product_cat":[91,130,141],"product_tag":[],"class_list":{"0":"post-35324","1":"product","2":"type-product","3":"status-publish","4":"has-post-thumbnail","6":"product_cat-cooler","7":"product_cat-pv","8":"product_cat-refrigeracion-liquida","10":"first","11":"instock","12":"shipping-taxable","13":"purchasable","14":"product-type-simple"},"_links":{"self":[{"href":"https:\/\/saltacom.com\/index.php\/wp-json\/wp\/v2\/product\/35324","targetHints":{"allow":["GET"]}}],"collection":[{"href":"https:\/\/saltacom.com\/index.php\/wp-json\/wp\/v2\/product"}],"about":[{"href":"https:\/\/saltacom.com\/index.php\/wp-json\/wp\/v2\/types\/product"}],"version-history":[{"count":1,"href":"https:\/\/saltacom.com\/index.php\/wp-json\/wp\/v2\/product\/35324\/revisions"}],"predecessor-version":[{"id":35417,"href":"https:\/\/saltacom.com\/index.php\/wp-json\/wp\/v2\/product\/35324\/revisions\/35417"}],"wp:featuredmedia":[{"embeddable":true,"href":"https:\/\/saltacom.com\/index.php\/wp-json\/wp\/v2\/media\/35325"}],"wp:attachment":[{"href":"https:\/\/saltacom.com\/index.php\/wp-json\/wp\/v2\/media?parent=35324"}],"wp:term":[{"taxonomy":"product_brand","embeddable":true,"href":"https:\/\/saltacom.com\/index.php\/wp-json\/wp\/v2\/product_brand?post=35324"},{"taxonomy":"product_cat","embeddable":true,"href":"https:\/\/saltacom.com\/index.php\/wp-json\/wp\/v2\/product_cat?post=35324"},{"taxonomy":"product_tag","embeddable":true,"href":"https:\/\/saltacom.com\/index.php\/wp-json\/wp\/v2\/product_tag?post=35324"}],"curies":[{"name":"wp","href":"https:\/\/api.w.org\/{rel}","templated":true}]}}