{"id":35326,"date":"2026-04-09T18:00:30","date_gmt":"2026-04-09T21:00:30","guid":{"rendered":"https:\/\/saltacom.com\/index.php\/producto\/vga-gigabyte-radeon-rx-9060-xt-gaming-oc-8g-6231\/"},"modified":"2026-04-29T21:19:19","modified_gmt":"2026-04-30T00:19:19","slug":"vga-gigabyte-radeon-rx-9060-xt-gaming-oc-8g-6231","status":"publish","type":"product","link":"https:\/\/saltacom.com\/index.php\/producto\/vga-gigabyte-radeon-rx-9060-xt-gaming-oc-8g-6231\/","title":{"rendered":"VGA Gigabyte Radeon RX 9060 XT GAMING OC 8G (6231)"},"content":{"rendered":"<p>Desarrollado por RadeonTM RX 9060 XT.<\/p>\n<p>Integrado con interfaz de memoria de 8GB GDDR6 128bit.<\/p>\n<p>Sistema de refrigeraci\u00f3n WINDFORCE.<\/p>\n<p>Iluminaci\u00f3n RGB.<\/p>\n<p>M\u00e1s informaci\u00f3n: GV-R9060XTGAMING OC-8GD<\/p>\n","protected":false},"excerpt":{"rendered":"<p>Desarrollado por RadeonTM RX 9060 XT. Integrado con interfaz de memoria de 8GB GDDR6 128bit. Sistema de refrigeraci\u00f3n WINDFORCE. Iluminaci\u00f3n RGB. M\u00e1s informaci\u00f3n: GV-R9060XTGAMING OC-8GD<\/p>\n","protected":false},"featured_media":35327,"template":"","meta":[],"product_brand":[],"product_cat":[126,130],"product_tag":[],"class_list":{"0":"post-35326","1":"product","2":"type-product","3":"status-publish","4":"has-post-thumbnail","6":"product_cat-placa-de-video","7":"product_cat-pv","9":"first","10":"instock","11":"shipping-taxable","12":"purchasable","13":"product-type-simple"},"_links":{"self":[{"href":"https:\/\/saltacom.com\/index.php\/wp-json\/wp\/v2\/product\/35326","targetHints":{"allow":["GET"]}}],"collection":[{"href":"https:\/\/saltacom.com\/index.php\/wp-json\/wp\/v2\/product"}],"about":[{"href":"https:\/\/saltacom.com\/index.php\/wp-json\/wp\/v2\/types\/product"}],"version-history":[{"count":1,"href":"https:\/\/saltacom.com\/index.php\/wp-json\/wp\/v2\/product\/35326\/revisions"}],"predecessor-version":[{"id":35418,"href":"https:\/\/saltacom.com\/index.php\/wp-json\/wp\/v2\/product\/35326\/revisions\/35418"}],"wp:featuredmedia":[{"embeddable":true,"href":"https:\/\/saltacom.com\/index.php\/wp-json\/wp\/v2\/media\/35327"}],"wp:attachment":[{"href":"https:\/\/saltacom.com\/index.php\/wp-json\/wp\/v2\/media?parent=35326"}],"wp:term":[{"taxonomy":"product_brand","embeddable":true,"href":"https:\/\/saltacom.com\/index.php\/wp-json\/wp\/v2\/product_brand?post=35326"},{"taxonomy":"product_cat","embeddable":true,"href":"https:\/\/saltacom.com\/index.php\/wp-json\/wp\/v2\/product_cat?post=35326"},{"taxonomy":"product_tag","embeddable":true,"href":"https:\/\/saltacom.com\/index.php\/wp-json\/wp\/v2\/product_tag?post=35326"}],"curies":[{"name":"wp","href":"https:\/\/api.w.org\/{rel}","templated":true}]}}