{"id":35328,"date":"2026-04-09T18:00:36","date_gmt":"2026-04-09T21:00:36","guid":{"rendered":"https:\/\/saltacom.com\/index.php\/producto\/gabinete-tt-view-380-mid-tower-tg-x2-fan-argb-x4-bubble-pink-9224\/"},"modified":"2026-04-10T10:19:20","modified_gmt":"2026-04-10T13:19:20","slug":"gabinete-tt-view-380-mid-tower-tg-x2-fan-argb-x4-bubble-pink-9224","status":"publish","type":"product","link":"https:\/\/saltacom.com\/index.php\/producto\/gabinete-tt-view-380-mid-tower-tg-x2-fan-argb-x4-bubble-pink-9224\/","title":{"rendered":"Gabinete TT View 380 Mid-Tower TG x2 Fan ARGB x4 Bubble Pink (9224)"},"content":{"rendered":"<p>El chasis de torre media View 380 TG ARGB Bubble Pink est\u00e1 dise\u00f1ado para una mejor visibilidad, lo que permite a los usuarios disfrutar de su sistema a trav\u00e9s de los paneles frontal e izquierdo de vidrio templado.<br \/>\nM\u00e1s informaci\u00f3n:\u00a0CA-1Z2-00MAWN-00<\/p>\n","protected":false},"excerpt":{"rendered":"<p>El chasis de torre media View 380 TG ARGB Bubble Pink est\u00e1 dise\u00f1ado para una mejor visibilidad, lo que permite a los usuarios disfrutar de su sistema a trav\u00e9s de los paneles\u2026<\/p>\n","protected":false},"featured_media":35329,"template":"","meta":[],"product_brand":[],"product_cat":[100,130],"product_tag":[],"class_list":{"0":"post-35328","1":"product","2":"type-product","3":"status-publish","4":"has-post-thumbnail","6":"product_cat-gabinete","7":"product_cat-pv","9":"first","10":"instock","11":"shipping-taxable","12":"purchasable","13":"product-type-simple"},"_links":{"self":[{"href":"https:\/\/saltacom.com\/index.php\/wp-json\/wp\/v2\/product\/35328","targetHints":{"allow":["GET"]}}],"collection":[{"href":"https:\/\/saltacom.com\/index.php\/wp-json\/wp\/v2\/product"}],"about":[{"href":"https:\/\/saltacom.com\/index.php\/wp-json\/wp\/v2\/types\/product"}],"version-history":[{"count":1,"href":"https:\/\/saltacom.com\/index.php\/wp-json\/wp\/v2\/product\/35328\/revisions"}],"predecessor-version":[{"id":35419,"href":"https:\/\/saltacom.com\/index.php\/wp-json\/wp\/v2\/product\/35328\/revisions\/35419"}],"wp:featuredmedia":[{"embeddable":true,"href":"https:\/\/saltacom.com\/index.php\/wp-json\/wp\/v2\/media\/35329"}],"wp:attachment":[{"href":"https:\/\/saltacom.com\/index.php\/wp-json\/wp\/v2\/media?parent=35328"}],"wp:term":[{"taxonomy":"product_brand","embeddable":true,"href":"https:\/\/saltacom.com\/index.php\/wp-json\/wp\/v2\/product_brand?post=35328"},{"taxonomy":"product_cat","embeddable":true,"href":"https:\/\/saltacom.com\/index.php\/wp-json\/wp\/v2\/product_cat?post=35328"},{"taxonomy":"product_tag","embeddable":true,"href":"https:\/\/saltacom.com\/index.php\/wp-json\/wp\/v2\/product_tag?post=35328"}],"curies":[{"name":"wp","href":"https:\/\/api.w.org\/{rel}","templated":true}]}}