{"id":35332,"date":"2026-04-09T18:00:44","date_gmt":"2026-04-09T21:00:44","guid":{"rendered":"https:\/\/saltacom.com\/index.php\/producto\/microfono-jbl-quantum-stream-studio-6661\/"},"modified":"2026-04-10T10:19:21","modified_gmt":"2026-04-10T13:19:21","slug":"microfono-jbl-quantum-stream-studio-6661","status":"publish","type":"product","link":"https:\/\/saltacom.com\/index.php\/producto\/microfono-jbl-quantum-stream-studio-6661\/","title":{"rendered":"MICROFONO JBL QUANTUM STREAM STUDIO (6661)"},"content":{"rendered":"<p>Micr\u00f3fonos de condensador triples para un streaming perfecto.<\/p>\n<p>Cuatro patrones de captaci\u00f3n de voz seleccionables.<\/p>\n<p>Compresi\u00f3n de rango din\u00e1mico.<\/p>\n<p>M\u00e1s informaci\u00f3n:\u00a0JBLSTRMSTUDIOBLKAM<\/p>\n","protected":false},"excerpt":{"rendered":"<p>Micr\u00f3fonos de condensador triples para un streaming perfecto. Cuatro patrones de captaci\u00f3n de voz seleccionables. Compresi\u00f3n de rango din\u00e1mico. M\u00e1s informaci\u00f3n:\u00a0JBLSTRMSTUDIOBLKAM<\/p>\n","protected":false},"featured_media":35333,"template":"","meta":[],"product_brand":[],"product_cat":[107,130],"product_tag":[],"class_list":{"0":"post-35332","1":"product","2":"type-product","3":"status-publish","4":"has-post-thumbnail","6":"product_cat-microfono","7":"product_cat-pv","9":"first","10":"instock","11":"shipping-taxable","12":"purchasable","13":"product-type-simple"},"_links":{"self":[{"href":"https:\/\/saltacom.com\/index.php\/wp-json\/wp\/v2\/product\/35332","targetHints":{"allow":["GET"]}}],"collection":[{"href":"https:\/\/saltacom.com\/index.php\/wp-json\/wp\/v2\/product"}],"about":[{"href":"https:\/\/saltacom.com\/index.php\/wp-json\/wp\/v2\/types\/product"}],"version-history":[{"count":1,"href":"https:\/\/saltacom.com\/index.php\/wp-json\/wp\/v2\/product\/35332\/revisions"}],"predecessor-version":[{"id":35421,"href":"https:\/\/saltacom.com\/index.php\/wp-json\/wp\/v2\/product\/35332\/revisions\/35421"}],"wp:featuredmedia":[{"embeddable":true,"href":"https:\/\/saltacom.com\/index.php\/wp-json\/wp\/v2\/media\/35333"}],"wp:attachment":[{"href":"https:\/\/saltacom.com\/index.php\/wp-json\/wp\/v2\/media?parent=35332"}],"wp:term":[{"taxonomy":"product_brand","embeddable":true,"href":"https:\/\/saltacom.com\/index.php\/wp-json\/wp\/v2\/product_brand?post=35332"},{"taxonomy":"product_cat","embeddable":true,"href":"https:\/\/saltacom.com\/index.php\/wp-json\/wp\/v2\/product_cat?post=35332"},{"taxonomy":"product_tag","embeddable":true,"href":"https:\/\/saltacom.com\/index.php\/wp-json\/wp\/v2\/product_tag?post=35332"}],"curies":[{"name":"wp","href":"https:\/\/api.w.org\/{rel}","templated":true}]}}