{"id":35340,"date":"2026-04-09T18:00:57","date_gmt":"2026-04-09T21:00:57","guid":{"rendered":"https:\/\/saltacom.com\/index.php\/producto\/water-cooling-corsair-icue-link-titan-240-rx-rgb-2x-cpu-cooler-240mm-black-5418\/"},"modified":"2026-04-10T08:19:26","modified_gmt":"2026-04-10T11:19:26","slug":"water-cooling-corsair-icue-link-titan-240-rx-rgb-2x-cpu-cooler-240mm-black-5418","status":"publish","type":"product","link":"https:\/\/saltacom.com\/index.php\/producto\/water-cooling-corsair-icue-link-titan-240-rx-rgb-2x-cpu-cooler-240mm-black-5418\/","title":{"rendered":"Water Cooling Corsair iCUE LINK TITAN 240 RX RGB 2x CPU Cooler 240mm Black (5418)"},"content":{"rendered":"<p>El CORSAIR iCUE LINK TITAN RX RGB ofrece una refrigeraci\u00f3n ultrasilenciosa de alto rendimiento con rendimiento t\u00e9rmico y conectividad iCUE LINK optimizados, adem\u00e1s de iluminaci\u00f3n RGB din\u00e1mica.<br \/>\nM\u00e1s informaci\u00f3n:\u00a0CW-9061016-WW<\/p>\n","protected":false},"excerpt":{"rendered":"<p>El CORSAIR iCUE LINK TITAN RX RGB ofrece una refrigeraci\u00f3n ultrasilenciosa de alto rendimiento con rendimiento t\u00e9rmico y conectividad iCUE LINK optimizados, adem\u00e1s de iluminaci\u00f3n RGB din\u00e1mica. M\u00e1s informaci\u00f3n:\u00a0CW-9061016-WW<\/p>\n","protected":false},"featured_media":35341,"template":"","meta":[],"product_brand":[],"product_cat":[91,130,141],"product_tag":[],"class_list":{"0":"post-35340","1":"product","2":"type-product","3":"status-publish","4":"has-post-thumbnail","6":"product_cat-cooler","7":"product_cat-pv","8":"product_cat-refrigeracion-liquida","10":"first","11":"instock","12":"shipping-taxable","13":"purchasable","14":"product-type-simple"},"_links":{"self":[{"href":"https:\/\/saltacom.com\/index.php\/wp-json\/wp\/v2\/product\/35340","targetHints":{"allow":["GET"]}}],"collection":[{"href":"https:\/\/saltacom.com\/index.php\/wp-json\/wp\/v2\/product"}],"about":[{"href":"https:\/\/saltacom.com\/index.php\/wp-json\/wp\/v2\/types\/product"}],"version-history":[{"count":1,"href":"https:\/\/saltacom.com\/index.php\/wp-json\/wp\/v2\/product\/35340\/revisions"}],"predecessor-version":[{"id":35425,"href":"https:\/\/saltacom.com\/index.php\/wp-json\/wp\/v2\/product\/35340\/revisions\/35425"}],"wp:featuredmedia":[{"embeddable":true,"href":"https:\/\/saltacom.com\/index.php\/wp-json\/wp\/v2\/media\/35341"}],"wp:attachment":[{"href":"https:\/\/saltacom.com\/index.php\/wp-json\/wp\/v2\/media?parent=35340"}],"wp:term":[{"taxonomy":"product_brand","embeddable":true,"href":"https:\/\/saltacom.com\/index.php\/wp-json\/wp\/v2\/product_brand?post=35340"},{"taxonomy":"product_cat","embeddable":true,"href":"https:\/\/saltacom.com\/index.php\/wp-json\/wp\/v2\/product_cat?post=35340"},{"taxonomy":"product_tag","embeddable":true,"href":"https:\/\/saltacom.com\/index.php\/wp-json\/wp\/v2\/product_tag?post=35340"}],"curies":[{"name":"wp","href":"https:\/\/api.w.org\/{rel}","templated":true}]}}