{"id":35351,"date":"2026-04-09T18:01:16","date_gmt":"2026-04-09T21:01:16","guid":{"rendered":"https:\/\/saltacom.com\/index.php\/producto\/gabinete-corsair-icue-link-5000t-lx-argb-mid-tower-white-7746\/"},"modified":"2026-04-10T04:19:24","modified_gmt":"2026-04-10T07:19:24","slug":"gabinete-corsair-icue-link-5000t-lx-argb-mid-tower-white-7746","status":"publish","type":"product","link":"https:\/\/saltacom.com\/index.php\/producto\/gabinete-corsair-icue-link-5000t-lx-argb-mid-tower-white-7746\/","title":{"rendered":"Gabinete Corsair iCUE LINK 5000T LX ARGB Mid-Tower White (7746)"},"content":{"rendered":"<p>Capte la atenci\u00f3n de todos con el dise\u00f1o del exclusivo contorno del CORSAIR 5000T LX RGB, listo para alojar el sistema perfecto compatible con placas base de conexi\u00f3n inversa.<br \/>\nM\u00e1s informaci\u00f3n: CC-9011299-WW<\/p>\n","protected":false},"excerpt":{"rendered":"<p>Capte la atenci\u00f3n de todos con el dise\u00f1o del exclusivo contorno del CORSAIR 5000T LX RGB, listo para alojar el sistema perfecto compatible con placas base de conexi\u00f3n inversa. M\u00e1s informaci\u00f3n: CC-9011299-WW<\/p>\n","protected":false},"featured_media":35352,"template":"","meta":[],"product_brand":[],"product_cat":[100,130],"product_tag":[],"class_list":{"0":"post-35351","1":"product","2":"type-product","3":"status-publish","4":"has-post-thumbnail","6":"product_cat-gabinete","7":"product_cat-pv","9":"first","10":"instock","11":"shipping-taxable","12":"purchasable","13":"product-type-simple"},"_links":{"self":[{"href":"https:\/\/saltacom.com\/index.php\/wp-json\/wp\/v2\/product\/35351","targetHints":{"allow":["GET"]}}],"collection":[{"href":"https:\/\/saltacom.com\/index.php\/wp-json\/wp\/v2\/product"}],"about":[{"href":"https:\/\/saltacom.com\/index.php\/wp-json\/wp\/v2\/types\/product"}],"version-history":[{"count":1,"href":"https:\/\/saltacom.com\/index.php\/wp-json\/wp\/v2\/product\/35351\/revisions"}],"predecessor-version":[{"id":35430,"href":"https:\/\/saltacom.com\/index.php\/wp-json\/wp\/v2\/product\/35351\/revisions\/35430"}],"wp:featuredmedia":[{"embeddable":true,"href":"https:\/\/saltacom.com\/index.php\/wp-json\/wp\/v2\/media\/35352"}],"wp:attachment":[{"href":"https:\/\/saltacom.com\/index.php\/wp-json\/wp\/v2\/media?parent=35351"}],"wp:term":[{"taxonomy":"product_brand","embeddable":true,"href":"https:\/\/saltacom.com\/index.php\/wp-json\/wp\/v2\/product_brand?post=35351"},{"taxonomy":"product_cat","embeddable":true,"href":"https:\/\/saltacom.com\/index.php\/wp-json\/wp\/v2\/product_cat?post=35351"},{"taxonomy":"product_tag","embeddable":true,"href":"https:\/\/saltacom.com\/index.php\/wp-json\/wp\/v2\/product_tag?post=35351"}],"curies":[{"name":"wp","href":"https:\/\/api.w.org\/{rel}","templated":true}]}}