{"id":35355,"date":"2026-04-09T18:01:20","date_gmt":"2026-04-09T21:01:20","guid":{"rendered":"https:\/\/saltacom.com\/index.php\/producto\/auricular-wir-c-microfono-logitech-g522-white-981-001549\/"},"modified":"2026-04-10T06:19:40","modified_gmt":"2026-04-10T09:19:40","slug":"auricular-wir-c-microfono-logitech-g522-white-981-001549","status":"publish","type":"product","link":"https:\/\/saltacom.com\/index.php\/producto\/auricular-wir-c-microfono-logitech-g522-white-981-001549\/","title":{"rendered":"Auricular Wir c\/Microfono Logitech G522 White 981-001549"},"content":{"rendered":"<p>Juega como una leyenda con unos auriculares dise\u00f1ados para juegos de PC de alto rendimiento.<br \/>\nM\u00e1s infomaci\u00f3n:\u00a0981-001549<\/p>\n","protected":false},"excerpt":{"rendered":"<p>Juega como una leyenda con unos auriculares dise\u00f1ados para juegos de PC de alto rendimiento. M\u00e1s infomaci\u00f3n:\u00a0981-001549<\/p>\n","protected":false},"featured_media":35356,"template":"","meta":[],"product_brand":[],"product_cat":[81,107,130],"product_tag":[],"class_list":{"0":"post-35355","1":"product","2":"type-product","3":"status-publish","4":"has-post-thumbnail","6":"product_cat-auricular","7":"product_cat-microfono","8":"product_cat-pv","10":"first","11":"instock","12":"shipping-taxable","13":"purchasable","14":"product-type-simple"},"_links":{"self":[{"href":"https:\/\/saltacom.com\/index.php\/wp-json\/wp\/v2\/product\/35355","targetHints":{"allow":["GET"]}}],"collection":[{"href":"https:\/\/saltacom.com\/index.php\/wp-json\/wp\/v2\/product"}],"about":[{"href":"https:\/\/saltacom.com\/index.php\/wp-json\/wp\/v2\/types\/product"}],"version-history":[{"count":1,"href":"https:\/\/saltacom.com\/index.php\/wp-json\/wp\/v2\/product\/35355\/revisions"}],"predecessor-version":[{"id":35432,"href":"https:\/\/saltacom.com\/index.php\/wp-json\/wp\/v2\/product\/35355\/revisions\/35432"}],"wp:featuredmedia":[{"embeddable":true,"href":"https:\/\/saltacom.com\/index.php\/wp-json\/wp\/v2\/media\/35356"}],"wp:attachment":[{"href":"https:\/\/saltacom.com\/index.php\/wp-json\/wp\/v2\/media?parent=35355"}],"wp:term":[{"taxonomy":"product_brand","embeddable":true,"href":"https:\/\/saltacom.com\/index.php\/wp-json\/wp\/v2\/product_brand?post=35355"},{"taxonomy":"product_cat","embeddable":true,"href":"https:\/\/saltacom.com\/index.php\/wp-json\/wp\/v2\/product_cat?post=35355"},{"taxonomy":"product_tag","embeddable":true,"href":"https:\/\/saltacom.com\/index.php\/wp-json\/wp\/v2\/product_tag?post=35355"}],"curies":[{"name":"wp","href":"https:\/\/api.w.org\/{rel}","templated":true}]}}